{"id":795,"date":"2025-01-02T17:38:17","date_gmt":"2025-01-02T17:38:17","guid":{"rendered":"https:\/\/veidoterapija.lt\/?page_id=795"},"modified":"2025-01-02T17:52:53","modified_gmt":"2025-01-02T17:52:53","slug":"onmacabim-vitaminu-terapija","status":"publish","type":"page","link":"https:\/\/veidoterapija.lt\/?page_id=795","title":{"rendered":"ONMACABIM VITAMIN\u0172 TERAPIJA"},"content":{"rendered":"\t\t<div data-elementor-type=\"wp-page\" data-elementor-id=\"795\" class=\"elementor elementor-795\">\n\t\t\t\t\t\t<div class=\"elementor-inner\">\n\t\t\t\t<div class=\"elementor-section-wrap\">\n\t\t\t\t\t\t\t\t\t<section class=\"elementor-section elementor-top-section elementor-element elementor-element-1f59a144 elementor-section-boxed elementor-section-height-default elementor-section-height-default\" data-id=\"1f59a144\" data-element_type=\"section\">\n\t\t\t\t\t\t<div class=\"elementor-container elementor-column-gap-default\">\n\t\t\t\t\t\t\t<div class=\"elementor-row\">\n\t\t\t\t\t<div class=\"elementor-column elementor-col-100 elementor-top-column elementor-element elementor-element-3da3be73\" data-id=\"3da3be73\" data-element_type=\"column\">\n\t\t\t<div class=\"elementor-column-wrap elementor-element-populated\">\n\t\t\t\t\t\t\t<div class=\"elementor-widget-wrap\">\n\t\t\t\t\t\t<div class=\"elementor-element elementor-element-effb19a elementor-widget-divider--view-line elementor-widget elementor-widget-divider\" data-id=\"effb19a\" data-element_type=\"widget\" data-widget_type=\"divider.default\">\n\t\t\t\t<div class=\"elementor-widget-container\">\n\t\t\t\t\t<div class=\"elementor-divider\">\n\t\t\t<span class=\"elementor-divider-separator\">\n\t\t\t\t\t\t<\/span>\n\t\t<\/div>\n\t\t\t\t<\/div>\n\t\t\t\t<\/div>\n\t\t\t\t<div class=\"elementor-element elementor-element-a5f0847 elementor-widget elementor-widget-image\" data-id=\"a5f0847\" data-element_type=\"widget\" data-widget_type=\"image.default\">\n\t\t\t\t<div class=\"elementor-widget-container\">\n\t\t\t\t\t\t\t\t<div class=\"elementor-image\">\n\t\t\t\t\t\t\t\t\t\t\t\t<img loading=\"lazy\" decoding=\"async\" width=\"300\" height=\"186\" src=\"https:\/\/veidoterapija.lt\/wp-content\/uploads\/2022\/09\/767a4809a021b16596e4716ee9362ad3-300x186.jpg\" class=\"attachment-medium size-medium\" alt=\"\" srcset=\"https:\/\/veidoterapija.lt\/wp-content\/uploads\/2022\/09\/767a4809a021b16596e4716ee9362ad3-300x186.jpg 300w, https:\/\/veidoterapija.lt\/wp-content\/uploads\/2022\/09\/767a4809a021b16596e4716ee9362ad3.jpg 473w\" sizes=\"auto, (max-width: 300px) 100vw, 300px\" \/>\t\t\t\t\t\t\t\t\t\t\t\t\t\t<\/div>\n\t\t\t\t\t\t<\/div>\n\t\t\t\t<\/div>\n\t\t\t\t<div class=\"elementor-element elementor-element-5c4af4cf elementor-widget elementor-widget-text-editor\" data-id=\"5c4af4cf\" data-element_type=\"widget\" data-widget_type=\"text-editor.default\">\n\t\t\t\t<div class=\"elementor-widget-container\">\n\t\t\t\t\t\t\t\t<div class=\"elementor-text-editor elementor-clearfix\">\n\t\t\t\t<!-- wp:paragraph -->\n<p>Naujausios tendencijos, kuriomis grind\u017eiamas proced\u016br\u0173 protokol\u0173 k\u016brimas \u2013 tai unikali\u0173 Jud\u0117jos dykumoje augan\u010di\u0173 vaistini\u0173 \u017eoleli\u0173 savybi\u0173 panaudojimo bei originali\u0173 ONmacabim mokslin\u0117s laboratorijos specialist\u0173 id\u0117j\u0173 \u012fgyvendinimo, pasitelkiant naujausias \u0161iuolaikin\u0117s kosmetikos pramon\u0117s technologijas, rezultatas.<\/p>\n<p><strong>Proced\u016bra skirta odai su nuovargio po\u017eymiais, atstatymui po ilgo buvimo saul\u0117je, menopauz\u0117s periodu, esant silpnam odos hidrolipidui.<\/strong><\/p>\n<p><strong>Proced\u016bros poveikis:<\/strong><\/p>\n<ul>\n<li>stiprus antioksidacinis poveikis;<\/li>\n<li>stangrina, atjaunina, dr\u0117kina;<\/li>\n<li>pigmentacijos profilaktika;<\/li>\n<li>padeda atkurti odos imunitet\u0105.<\/li>\n<\/ul>\n<p>Tinka vis\u0173 tip\u0173 odai, \u012fskaitant jautri\u0105.<\/p>\n<p><strong>Proced\u016broje naudojama:<\/strong><\/p>\n<p><em>Atkuriamasis \u0161veitiklis<\/em> su petra\u017eoli\u0173 ekstraktu, kuris \u0161velniai pa\u0161alina pavir\u0161iaus ne\u0161varumus, \u012fskaitant komedonus, skatina \u0161lak\u0173 ir toksin\u0173 pa\u0161alinim\u0105, stimuliuoja l\u0105steli\u0173 audini\u0173 regeneracij\u0105 ir pagreitina l\u0105steli\u0173 atsinaujinimo procesus. Jis turi intensyv\u0173 regeneruojam\u0105j\u012f ir valom\u0105j\u012f poveik\u012f. \u0160viesina od\u0105, suteikia jos pavir\u0161iui vienodumo.<\/p>\n<p><em>Pieno r\u016bg\u0161tis<\/em>, kuri aktyvina epidermio l\u0105steli\u0173 atsinaujinim\u0105, gerina mikrocirkuliacij\u0105, pasi\u017eymi labai intensyviu dr\u0117kinamuoju poveikiu.<\/p>\n<p><em>Retinolio palmitatas (vitaminas A),<\/em> kuris\u00a0 stimuliuoja l\u0105steli\u0173 dauginim\u0105si (dermos sustor\u0117jim\u0105), gerina barjerin\u0119 funkcij\u0105 ir odos elastingum\u0105. Galingas nuo sen\u0117jimo apsaugantis ingredientas: skatina odos l\u0105steli\u0173 atsinaujinim\u0105, aktyvina kolageno sintez\u0119 epitelio audinyje ir bendrai suma\u017eina sen\u0117jimo po\u017eymius.<\/p>\n<p><em>Dr\u0117kinanamoji hialurono kauk\u0117<\/em>, kuri intensyviai dr\u0117kina, ramina ir biostimuliuoja, suma\u017eina u\u017edegimines reakcijas, i\u0161lygina veido, kaklo ir dekolt\u0117 rauk\u0161les.<\/p>\n<p><em>Koncentruotas vitaminas C<\/em>, kuris veikia kaip stiprus antioksidantas, sustiprina kolageno sintez\u0119 odoje, padidina odos stangrum\u0105, suma\u017eina hiperpigmentacij\u0105 ir d\u0117l am\u017eiaus atsiradusias d\u0117mes, turi u\u017edegim\u0105 ma\u017einant\u012f poveik\u012f, pagreitina odos \u012ftr\u016bkim\u0173 ir \u017eaizd\u0173 gijim\u0105, lygina rauk\u0161les, gerina veido spalv\u0105, stiprina kraujagysli\u0173 sieneles.<\/p>\n<p><em>Serumas su vitaminu E ir simondsij\u0173 aliejumi<\/em>, yra \u017einomas pavadinimu \u201ejaunyst\u0117s vitaminas\u201c. L\u0117tina sen\u0117jimo proces\u0105, prisideda prie kraujo praturtinimo deguonimi, normalizuoja riebal\u0173 kiek\u012f poodiniame sluoksnyje, stimuliuoja limfos ir kraujo apytak\u0105, skatina odos kolageno susidarym\u0105, ma\u017eina odos jautrum\u0105, gerina l\u0105steli\u0173 mityb\u0105, sustiprina kraujagysli\u0173 sieneles.<\/p>\n<p><em>Maitinamoji kauk\u0117 su vitaminu C<\/em>, su balinan\u010diu ir ry\u0161kiu maitinamuoju poveikiu. U\u017etikrina apsaug\u0105 nuo laisv\u0173j\u0173 radikal\u0173 ir melanino sintez\u0117s susilpninimo d\u0117ka suma\u017eina odos pigmentacij\u0105, skaistina od\u0105, suteikia jai \u0161vyt\u0117jimo, stangrumo, elastingumo.<\/p>\n<p style=\"text-align: center;\"><strong>Proced\u016bros trukm\u0117:<\/strong> 60 min<\/p>\n<!-- \/wp:paragraph --><!-- wp:paragraph --><!-- \/wp:paragraph -->\t\t\t\t\t<\/div>\n\t\t\t\t\t\t<\/div>\n\t\t\t\t<\/div>\n\t\t\t\t\t\t<\/div>\n\t\t\t\t\t<\/div>\n\t\t<\/div>\n\t\t\t\t\t\t\t\t<\/div>\n\t\t\t\t\t<\/div>\n\t\t<\/section>\n\t\t\t\t<section class=\"elementor-section elementor-top-section elementor-element elementor-element-b42f7c4 elementor-section-boxed elementor-section-height-default elementor-section-height-default\" data-id=\"b42f7c4\" data-element_type=\"section\">\n\t\t\t\t\t\t<div class=\"elementor-container elementor-column-gap-default\">\n\t\t\t\t\t\t\t<div class=\"elementor-row\">\n\t\t\t\t\t<div class=\"elementor-column elementor-col-100 elementor-top-column elementor-element elementor-element-52bbcb1\" data-id=\"52bbcb1\" data-element_type=\"column\">\n\t\t\t<div class=\"elementor-column-wrap elementor-element-populated\">\n\t\t\t\t\t\t\t<div class=\"elementor-widget-wrap\">\n\t\t\t\t\t\t<div class=\"elementor-element elementor-element-397407a elementor-view-default elementor-widget elementor-widget-icon\" data-id=\"397407a\" data-element_type=\"widget\" data-widget_type=\"icon.default\">\n\t\t\t\t<div class=\"elementor-widget-container\">\n\t\t\t\t\t<div class=\"elementor-icon-wrapper\">\n\t\t\t<div class=\"elementor-icon\">\n\t\t\t<i aria-hidden=\"true\" class=\"fas fa-spa\"><\/i>\t\t\t<\/div>\n\t\t<\/div>\n\t\t\t\t<\/div>\n\t\t\t\t<\/div>\n\t\t\t\t\t\t<\/div>\n\t\t\t\t\t<\/div>\n\t\t<\/div>\n\t\t\t\t\t\t\t\t<\/div>\n\t\t\t\t\t<\/div>\n\t\t<\/section>\n\t\t\t\t\t\t\t\t\t<\/div>\n\t\t\t<\/div>\n\t\t\t\t\t<\/div>\n\t\t","protected":false},"excerpt":{"rendered":"<p><a href=\"https:\/\/veidoterapija.lt\/?page_id=795\" class=\"more-link\">Pla\u010diau&#8230;<span class=\"screen-reader-text\">ONMACABIM VITAMIN\u0172 TERAPIJA<\/span><\/a><\/p>\n","protected":false},"author":1,"featured_media":0,"parent":0,"menu_order":0,"comment_status":"closed","ping_status":"closed","template":"","meta":{"footnotes":""},"class_list":["post-795","page","type-page","status-publish","hentry"],"_links":{"self":[{"href":"https:\/\/veidoterapija.lt\/index.php?rest_route=\/wp\/v2\/pages\/795","targetHints":{"allow":["GET"]}}],"collection":[{"href":"https:\/\/veidoterapija.lt\/index.php?rest_route=\/wp\/v2\/pages"}],"about":[{"href":"https:\/\/veidoterapija.lt\/index.php?rest_route=\/wp\/v2\/types\/page"}],"author":[{"embeddable":true,"href":"https:\/\/veidoterapija.lt\/index.php?rest_route=\/wp\/v2\/users\/1"}],"replies":[{"embeddable":true,"href":"https:\/\/veidoterapija.lt\/index.php?rest_route=%2Fwp%2Fv2%2Fcomments&post=795"}],"version-history":[{"count":7,"href":"https:\/\/veidoterapija.lt\/index.php?rest_route=\/wp\/v2\/pages\/795\/revisions"}],"predecessor-version":[{"id":802,"href":"https:\/\/veidoterapija.lt\/index.php?rest_route=\/wp\/v2\/pages\/795\/revisions\/802"}],"wp:attachment":[{"href":"https:\/\/veidoterapija.lt\/index.php?rest_route=%2Fwp%2Fv2%2Fmedia&parent=795"}],"curies":[{"name":"wp","href":"https:\/\/api.w.org\/{rel}","templated":true}]}}