{"id":789,"date":"2025-01-02T17:28:55","date_gmt":"2025-01-02T17:28:55","guid":{"rendered":"https:\/\/veidoterapija.lt\/?page_id=789"},"modified":"2025-01-02T17:53:04","modified_gmt":"2025-01-02T17:53:04","slug":"azelaino-rugsties-procedura-onmacabim","status":"publish","type":"page","link":"https:\/\/veidoterapija.lt\/?page_id=789","title":{"rendered":"AZELAINO R\u016aG\u0160TIES PROCED\u016aRA (ONmacabim)"},"content":{"rendered":"\t\t<div data-elementor-type=\"wp-page\" data-elementor-id=\"789\" class=\"elementor elementor-789\">\n\t\t\t\t\t\t<div class=\"elementor-inner\">\n\t\t\t\t<div class=\"elementor-section-wrap\">\n\t\t\t\t\t\t\t\t\t<section class=\"elementor-section elementor-top-section elementor-element elementor-element-c6fd447 elementor-section-boxed elementor-section-height-default elementor-section-height-default\" data-id=\"c6fd447\" data-element_type=\"section\">\n\t\t\t\t\t\t<div class=\"elementor-container elementor-column-gap-default\">\n\t\t\t\t\t\t\t<div class=\"elementor-row\">\n\t\t\t\t\t<div class=\"elementor-column elementor-col-100 elementor-top-column elementor-element elementor-element-184b71f\" data-id=\"184b71f\" data-element_type=\"column\">\n\t\t\t<div class=\"elementor-column-wrap elementor-element-populated\">\n\t\t\t\t\t\t\t<div class=\"elementor-widget-wrap\">\n\t\t\t\t\t\t<div class=\"elementor-element elementor-element-f7498e5 elementor-widget-divider--view-line elementor-widget elementor-widget-divider\" data-id=\"f7498e5\" data-element_type=\"widget\" data-widget_type=\"divider.default\">\n\t\t\t\t<div class=\"elementor-widget-container\">\n\t\t\t\t\t<div class=\"elementor-divider\">\n\t\t\t<span class=\"elementor-divider-separator\">\n\t\t\t\t\t\t<\/span>\n\t\t<\/div>\n\t\t\t\t<\/div>\n\t\t\t\t<\/div>\n\t\t\t\t\t\t<\/div>\n\t\t\t\t\t<\/div>\n\t\t<\/div>\n\t\t\t\t\t\t\t\t<\/div>\n\t\t\t\t\t<\/div>\n\t\t<\/section>\n\t\t\t\t<section class=\"elementor-section elementor-top-section elementor-element elementor-element-7acafee elementor-section-boxed elementor-section-height-default elementor-section-height-default\" data-id=\"7acafee\" data-element_type=\"section\">\n\t\t\t\t\t\t<div class=\"elementor-container elementor-column-gap-default\">\n\t\t\t\t\t\t\t<div class=\"elementor-row\">\n\t\t\t\t\t<div class=\"elementor-column elementor-col-100 elementor-top-column elementor-element elementor-element-da60897\" data-id=\"da60897\" data-element_type=\"column\">\n\t\t\t<div class=\"elementor-column-wrap elementor-element-populated\">\n\t\t\t\t\t\t\t<div class=\"elementor-widget-wrap\">\n\t\t\t\t\t\t<div class=\"elementor-element elementor-element-9fe4050 elementor-widget elementor-widget-image\" data-id=\"9fe4050\" data-element_type=\"widget\" data-widget_type=\"image.default\">\n\t\t\t\t<div class=\"elementor-widget-container\">\n\t\t\t\t\t\t\t\t<div class=\"elementor-image\">\n\t\t\t\t\t\t\t\t\t\t\t\t<img loading=\"lazy\" decoding=\"async\" width=\"300\" height=\"186\" src=\"https:\/\/veidoterapija.lt\/wp-content\/uploads\/2022\/09\/767a4809a021b16596e4716ee9362ad3-300x186.jpg\" class=\"attachment-medium size-medium\" alt=\"\" srcset=\"https:\/\/veidoterapija.lt\/wp-content\/uploads\/2022\/09\/767a4809a021b16596e4716ee9362ad3-300x186.jpg 300w, https:\/\/veidoterapija.lt\/wp-content\/uploads\/2022\/09\/767a4809a021b16596e4716ee9362ad3.jpg 473w\" sizes=\"auto, (max-width: 300px) 100vw, 300px\" \/>\t\t\t\t\t\t\t\t\t\t\t\t\t\t<\/div>\n\t\t\t\t\t\t<\/div>\n\t\t\t\t<\/div>\n\t\t\t\t\t\t<\/div>\n\t\t\t\t\t<\/div>\n\t\t<\/div>\n\t\t\t\t\t\t\t\t<\/div>\n\t\t\t\t\t<\/div>\n\t\t<\/section>\n\t\t\t\t<section class=\"elementor-section elementor-top-section elementor-element elementor-element-3e148b4 elementor-section-boxed elementor-section-height-default elementor-section-height-default\" data-id=\"3e148b4\" data-element_type=\"section\">\n\t\t\t\t\t\t<div class=\"elementor-container elementor-column-gap-default\">\n\t\t\t\t\t\t\t<div class=\"elementor-row\">\n\t\t\t\t\t<div class=\"elementor-column elementor-col-100 elementor-top-column elementor-element elementor-element-2b0807e\" data-id=\"2b0807e\" data-element_type=\"column\">\n\t\t\t<div class=\"elementor-column-wrap\">\n\t\t\t\t\t\t\t<div class=\"elementor-widget-wrap\">\n\t\t\t\t\t\t\t\t<\/div>\n\t\t\t\t\t<\/div>\n\t\t<\/div>\n\t\t\t\t\t\t\t\t<\/div>\n\t\t\t\t\t<\/div>\n\t\t<\/section>\n\t\t\t\t<section class=\"elementor-section elementor-top-section elementor-element elementor-element-4c124e4 elementor-section-boxed elementor-section-height-default elementor-section-height-default\" data-id=\"4c124e4\" data-element_type=\"section\">\n\t\t\t\t\t\t<div class=\"elementor-container elementor-column-gap-default\">\n\t\t\t\t\t\t\t<div class=\"elementor-row\">\n\t\t\t\t\t<div class=\"elementor-column elementor-col-100 elementor-top-column elementor-element elementor-element-50a85f5\" data-id=\"50a85f5\" data-element_type=\"column\">\n\t\t\t<div class=\"elementor-column-wrap elementor-element-populated\">\n\t\t\t\t\t\t\t<div class=\"elementor-widget-wrap\">\n\t\t\t\t\t\t<div class=\"elementor-element elementor-element-65860d3 elementor-widget elementor-widget-text-editor\" data-id=\"65860d3\" data-element_type=\"widget\" data-widget_type=\"text-editor.default\">\n\t\t\t\t<div class=\"elementor-widget-container\">\n\t\t\t\t\t\t\t\t<div class=\"elementor-text-editor elementor-clearfix\">\n\t\t\t\t<p>Naujausios tendencijos, kuriomis grind\u017eiamas proced\u016br\u0173 protokol\u0173 k\u016brimas \u2013 tai unikali\u0173 Jud\u0117jos dykumoje augan\u010di\u0173 vaistini\u0173 \u017eoleli\u0173 savybi\u0173 panaudojimo bei originali\u0173 ONmacabim mokslin\u0117s laboratorijos specialist\u0173 id\u0117j\u0173 \u012fgyvendinimo, pasitelkiant naujausias \u0161iuolaikin\u0117s kosmetikos pramon\u0117s technologijas, rezultatas.<\/p><p>Proced\u016bra skirta greitai lokalizuoti ro\u017ein\u0117s simptomus bei padryti ma\u017eiau matom\u0105 pavir\u0161in\u012f kapiliar\u0173 tinkl\u0105. u\u017edegimin\u0117ms odoms, tokioms kaip, ro\u017ein\u0117, spuogai, akn\u0117, bet ir netolygi odos spalva, prastas odos tonusas.<\/p><p><strong>Proced\u016bros poveikis:<\/strong><\/p><ul><li>prieu\u017edegiminis, antibakterinis;<\/li><li>i\u0161tirpina ink\u0161tirus, reguliuoja riebalus;<\/li><li>pa\u0161alina eritroz\u0117s pa\u017eeist\u0105 sausum\u0105;<\/li><li>pa\u0161viesina pigmentines d\u0117mes.<\/li><\/ul><p>Tinka mi\u0161rioms, riebioms, por\u0117toms, netolygios spalvos odoms.<\/p><p><strong>Proced\u016broje naudojama:<\/strong><\/p><p><em>Valomasis gelinis \u0161veitiklis su AHA r\u016bg\u0161timis<\/em>, kuris turi keratolitin\u012f poveik\u012f, atpalaiduoja vir\u0161utinius epidermio sluoksnius, pasi\u017eymi u\u017edegim\u0105 ma\u017einan\u010diomis savyb\u0117mis. Suma\u017eina komedon\u0173 susidarym\u0105, pa\u0161alina plauk\u0173 folikul\u0173 u\u017esikim\u0161imus. Gerina u\u017edegimini\u0173 spuog\u0173 su komedonais, papul\u0117mis ir pustul\u0117mis b\u016bkl\u0119.<\/p><p><em>Azelaino piligas<\/em>, kuris pasi\u017eymi lengvu keratolitiniu ir antiseptiniu poveikiu, gerina epitelio pa\u0161alinim\u0105 did\u017eiausio riebalini\u0173 liauk\u0173 aktyvumo srityse, padeda i\u0161tirpinti ink\u0161tirus. Sutekia prie\u0161u\u017edegimin\u012f, riebalus reguliuojant\u012f ir antibakterin\u012f poveik\u012f. Pa\u0161viesina pigmentines d\u0117mes, likusias d\u0117l akn\u0117s.<\/p><p><em>Raminamoji kauk\u0117<\/em>, kuri suma\u017eina odos paraudim\u0105, suma\u017eina ro\u017ein\u0119, pagerina kraujagysli\u0173 tonus\u0105, i\u0161lygina odos spalv\u0105. Kauk\u0117 atkuria barjerin\u0119 odos funkcij\u0105, kuri padidina jos dr\u0117kinim\u0105, ramina ir saugo. Kauk\u0117 pasi\u017eymi \u00a0raujagysles sutraukian\u010diu ir u\u017edegim\u0105 ma\u017einan\u010diu poveikiu, gerina kraujo mikrocirkuliacij\u0105, pa\u0161alina paraudim\u0105.<\/p><p style=\"text-align: center;\"><strong>Proced\u016bros trukm\u0117:<\/strong> 40 min<\/p>\t\t\t\t\t<\/div>\n\t\t\t\t\t\t<\/div>\n\t\t\t\t<\/div>\n\t\t\t\t\t\t<\/div>\n\t\t\t\t\t<\/div>\n\t\t<\/div>\n\t\t\t\t\t\t\t\t<\/div>\n\t\t\t\t\t<\/div>\n\t\t<\/section>\n\t\t\t\t<section class=\"elementor-section elementor-top-section elementor-element elementor-element-055dea5 elementor-section-boxed elementor-section-height-default elementor-section-height-default\" data-id=\"055dea5\" data-element_type=\"section\">\n\t\t\t\t\t\t<div class=\"elementor-container elementor-column-gap-default\">\n\t\t\t\t\t\t\t<div class=\"elementor-row\">\n\t\t\t\t\t<div class=\"elementor-column elementor-col-100 elementor-top-column elementor-element elementor-element-0bf4b52\" data-id=\"0bf4b52\" data-element_type=\"column\">\n\t\t\t<div class=\"elementor-column-wrap elementor-element-populated\">\n\t\t\t\t\t\t\t<div class=\"elementor-widget-wrap\">\n\t\t\t\t\t\t<div class=\"elementor-element elementor-element-7941eeb elementor-view-default elementor-widget elementor-widget-icon\" data-id=\"7941eeb\" data-element_type=\"widget\" data-widget_type=\"icon.default\">\n\t\t\t\t<div class=\"elementor-widget-container\">\n\t\t\t\t\t<div class=\"elementor-icon-wrapper\">\n\t\t\t<div class=\"elementor-icon\">\n\t\t\t<i aria-hidden=\"true\" class=\"fas fa-spa\"><\/i>\t\t\t<\/div>\n\t\t<\/div>\n\t\t\t\t<\/div>\n\t\t\t\t<\/div>\n\t\t\t\t\t\t<\/div>\n\t\t\t\t\t<\/div>\n\t\t<\/div>\n\t\t\t\t\t\t\t\t<\/div>\n\t\t\t\t\t<\/div>\n\t\t<\/section>\n\t\t\t\t\t\t\t\t\t<\/div>\n\t\t\t<\/div>\n\t\t\t\t\t<\/div>\n\t\t","protected":false},"excerpt":{"rendered":"<p><a href=\"https:\/\/veidoterapija.lt\/?page_id=789\" class=\"more-link\">Pla\u010diau&#8230;<span class=\"screen-reader-text\">AZELAINO R\u016aG\u0160TIES PROCED\u016aRA (ONmacabim)<\/span><\/a><\/p>\n","protected":false},"author":1,"featured_media":0,"parent":0,"menu_order":0,"comment_status":"closed","ping_status":"closed","template":"","meta":{"footnotes":""},"class_list":["post-789","page","type-page","status-publish","hentry"],"_links":{"self":[{"href":"https:\/\/veidoterapija.lt\/index.php?rest_route=\/wp\/v2\/pages\/789","targetHints":{"allow":["GET"]}}],"collection":[{"href":"https:\/\/veidoterapija.lt\/index.php?rest_route=\/wp\/v2\/pages"}],"about":[{"href":"https:\/\/veidoterapija.lt\/index.php?rest_route=\/wp\/v2\/types\/page"}],"author":[{"embeddable":true,"href":"https:\/\/veidoterapija.lt\/index.php?rest_route=\/wp\/v2\/users\/1"}],"replies":[{"embeddable":true,"href":"https:\/\/veidoterapija.lt\/index.php?rest_route=%2Fwp%2Fv2%2Fcomments&post=789"}],"version-history":[{"count":7,"href":"https:\/\/veidoterapija.lt\/index.php?rest_route=\/wp\/v2\/pages\/789\/revisions"}],"predecessor-version":[{"id":805,"href":"https:\/\/veidoterapija.lt\/index.php?rest_route=\/wp\/v2\/pages\/789\/revisions\/805"}],"wp:attachment":[{"href":"https:\/\/veidoterapija.lt\/index.php?rest_route=%2Fwp%2Fv2%2Fmedia&parent=789"}],"curies":[{"name":"wp","href":"https:\/\/api.w.org\/{rel}","templated":true}]}}