{"id":666,"date":"2022-09-29T20:05:36","date_gmt":"2022-09-29T20:05:36","guid":{"rendered":"http:\/\/veidoterapija.lt\/?page_id=666"},"modified":"2023-09-02T19:00:13","modified_gmt":"2023-09-02T19:00:13","slug":"split-masazas","status":"publish","type":"page","link":"https:\/\/veidoterapija.lt\/?page_id=666","title":{"rendered":"SPLIT masa\u017eas"},"content":{"rendered":"\t\t<div data-elementor-type=\"wp-page\" data-elementor-id=\"666\" class=\"elementor elementor-666\">\n\t\t\t\t\t\t<div class=\"elementor-inner\">\n\t\t\t\t<div class=\"elementor-section-wrap\">\n\t\t\t\t\t\t\t\t\t<section class=\"elementor-section elementor-top-section elementor-element elementor-element-7266c7c elementor-section-boxed elementor-section-height-default elementor-section-height-default\" data-id=\"7266c7c\" data-element_type=\"section\">\n\t\t\t\t\t\t<div class=\"elementor-container elementor-column-gap-default\">\n\t\t\t\t\t\t\t<div class=\"elementor-row\">\n\t\t\t\t\t<div class=\"elementor-column elementor-col-100 elementor-top-column elementor-element elementor-element-44aa210\" data-id=\"44aa210\" data-element_type=\"column\">\n\t\t\t<div class=\"elementor-column-wrap elementor-element-populated\">\n\t\t\t\t\t\t\t<div class=\"elementor-widget-wrap\">\n\t\t\t\t\t\t<div class=\"elementor-element elementor-element-548101c elementor-widget-divider--view-line elementor-widget elementor-widget-divider\" data-id=\"548101c\" data-element_type=\"widget\" data-widget_type=\"divider.default\">\n\t\t\t\t<div class=\"elementor-widget-container\">\n\t\t\t\t\t<div class=\"elementor-divider\">\n\t\t\t<span class=\"elementor-divider-separator\">\n\t\t\t\t\t\t<\/span>\n\t\t<\/div>\n\t\t\t\t<\/div>\n\t\t\t\t<\/div>\n\t\t\t\t\t\t<\/div>\n\t\t\t\t\t<\/div>\n\t\t<\/div>\n\t\t\t\t\t\t\t\t<\/div>\n\t\t\t\t\t<\/div>\n\t\t<\/section>\n\t\t\t\t<section class=\"elementor-section elementor-top-section elementor-element elementor-element-a3bf94f elementor-section-boxed elementor-section-height-default elementor-section-height-default\" data-id=\"a3bf94f\" data-element_type=\"section\">\n\t\t\t\t\t\t<div class=\"elementor-container elementor-column-gap-default\">\n\t\t\t\t\t\t\t<div class=\"elementor-row\">\n\t\t\t\t\t<div class=\"elementor-column elementor-col-100 elementor-top-column elementor-element elementor-element-d348c39\" data-id=\"d348c39\" data-element_type=\"column\">\n\t\t\t<div class=\"elementor-column-wrap elementor-element-populated\">\n\t\t\t\t\t\t\t<div class=\"elementor-widget-wrap\">\n\t\t\t\t\t\t<div class=\"elementor-element elementor-element-dcdc931 elementor-widget elementor-widget-image\" data-id=\"dcdc931\" data-element_type=\"widget\" data-widget_type=\"image.default\">\n\t\t\t\t<div class=\"elementor-widget-container\">\n\t\t\t\t\t\t\t\t<div class=\"elementor-image\">\n\t\t\t\t\t\t\t\t\t\t\t\t<img loading=\"lazy\" decoding=\"async\" width=\"308\" height=\"61\" src=\"https:\/\/veidoterapija.lt\/wp-content\/uploads\/2022\/09\/logo.png\" class=\"attachment-large size-large\" alt=\"\" srcset=\"https:\/\/veidoterapija.lt\/wp-content\/uploads\/2022\/09\/logo.png 308w, https:\/\/veidoterapija.lt\/wp-content\/uploads\/2022\/09\/logo-300x59.png 300w\" sizes=\"auto, (max-width: 308px) 100vw, 308px\" \/>\t\t\t\t\t\t\t\t\t\t\t\t\t\t<\/div>\n\t\t\t\t\t\t<\/div>\n\t\t\t\t<\/div>\n\t\t\t\t\t\t<\/div>\n\t\t\t\t\t<\/div>\n\t\t<\/div>\n\t\t\t\t\t\t\t\t<\/div>\n\t\t\t\t\t<\/div>\n\t\t<\/section>\n\t\t\t\t<section class=\"elementor-section elementor-top-section elementor-element elementor-element-491d461 elementor-section-boxed elementor-section-height-default elementor-section-height-default\" data-id=\"491d461\" data-element_type=\"section\">\n\t\t\t\t\t\t<div class=\"elementor-container elementor-column-gap-default\">\n\t\t\t\t\t\t\t<div class=\"elementor-row\">\n\t\t\t\t\t<div class=\"elementor-column elementor-col-100 elementor-top-column elementor-element elementor-element-d9b3254\" data-id=\"d9b3254\" data-element_type=\"column\">\n\t\t\t<div class=\"elementor-column-wrap elementor-element-populated\">\n\t\t\t\t\t\t\t<div class=\"elementor-widget-wrap\">\n\t\t\t\t\t\t<div class=\"elementor-element elementor-element-9bba699 elementor-widget elementor-widget-text-editor\" data-id=\"9bba699\" data-element_type=\"widget\" data-widget_type=\"text-editor.default\">\n\t\t\t\t<div class=\"elementor-widget-container\">\n\t\t\t\t\t\t\t\t<div class=\"elementor-text-editor elementor-clearfix\">\n\t\t\t\t<p>Tai autorin\u0117, patentuota, Larisos Vitvinovos (Ryga) manualin\u0117 veido modeliavimo metodika. \u0160i metodika nuo kit\u0173 masa\u017e\u0173 technik\u0173 skiriasi tuo, kad \u010dia nedirbama su veido oda, pagrindinis darbo objektas \u2013 veido kaulai, raumenys, rai\u0161\u010diai, gilieji audiniai, fascijos, riebal\u0173 paketai, poodinis riebal\u0173 sluoksnis, kuris \u012ftakoja veido odos b\u016bkl\u0119.<\/p>\t\t\t\t\t<\/div>\n\t\t\t\t\t\t<\/div>\n\t\t\t\t<\/div>\n\t\t\t\t<div class=\"elementor-element elementor-element-896d40a elementor-widget-divider--view-line elementor-widget elementor-widget-divider\" data-id=\"896d40a\" data-element_type=\"widget\" data-widget_type=\"divider.default\">\n\t\t\t\t<div class=\"elementor-widget-container\">\n\t\t\t\t\t<div class=\"elementor-divider\">\n\t\t\t<span class=\"elementor-divider-separator\">\n\t\t\t\t\t\t<\/span>\n\t\t<\/div>\n\t\t\t\t<\/div>\n\t\t\t\t<\/div>\n\t\t\t\t\t\t<\/div>\n\t\t\t\t\t<\/div>\n\t\t<\/div>\n\t\t\t\t\t\t\t\t<\/div>\n\t\t\t\t\t<\/div>\n\t\t<\/section>\n\t\t\t\t<section class=\"elementor-section elementor-top-section elementor-element elementor-element-2115d4f elementor-section-boxed elementor-section-height-default elementor-section-height-default\" data-id=\"2115d4f\" data-element_type=\"section\">\n\t\t\t\t\t\t<div class=\"elementor-container elementor-column-gap-default\">\n\t\t\t\t\t\t\t<div class=\"elementor-row\">\n\t\t\t\t\t<div class=\"elementor-column elementor-col-100 elementor-top-column elementor-element elementor-element-64461dc\" data-id=\"64461dc\" data-element_type=\"column\">\n\t\t\t<div class=\"elementor-column-wrap\">\n\t\t\t\t\t\t\t<div class=\"elementor-widget-wrap\">\n\t\t\t\t\t\t\t\t<\/div>\n\t\t\t\t\t<\/div>\n\t\t<\/div>\n\t\t\t\t\t\t\t\t<\/div>\n\t\t\t\t\t<\/div>\n\t\t<\/section>\n\t\t\t\t<section class=\"elementor-section elementor-top-section elementor-element elementor-element-8c7ad49 elementor-section-boxed elementor-section-height-default elementor-section-height-default\" data-id=\"8c7ad49\" data-element_type=\"section\">\n\t\t\t\t\t\t<div class=\"elementor-container elementor-column-gap-default\">\n\t\t\t\t\t\t\t<div class=\"elementor-row\">\n\t\t\t\t\t<div class=\"elementor-column elementor-col-100 elementor-top-column elementor-element elementor-element-4042037\" data-id=\"4042037\" data-element_type=\"column\">\n\t\t\t<div class=\"elementor-column-wrap elementor-element-populated\">\n\t\t\t\t\t\t\t<div class=\"elementor-widget-wrap\">\n\t\t\t\t\t\t<div class=\"elementor-element elementor-element-eac7bf3 elementor-widget elementor-widget-text-editor\" data-id=\"eac7bf3\" data-element_type=\"widget\" data-widget_type=\"text-editor.default\">\n\t\t\t\t<div class=\"elementor-widget-container\">\n\t\t\t\t\t\t\t\t<div class=\"elementor-text-editor elementor-clearfix\">\n\t\t\t\t<p>Mes visi atrodome taip, kaip galvojame&#8230; Bet kuri m\u016bs\u0173 mintis ar emocija baigiasi raumen\u0173 susitraukimu, o su am\u017eiumi, kai kokia nors emocija \u017emogaus charakteryje tampa pirmaujanti, ji atsispindi veide rauk\u0161li\u0173 pavidalu. Pavyzd\u017eiui, laikui b\u0117gant \u012fprotis suraukti kaktos raumenis, \u012ftakoja horizontali\u0173 rauk\u0161li\u0173 kaktoje atsiradim\u0105, o \u012fprotis suraukti antakius i\u0161provokuoja vertikalios rauk\u0161l\u0117s (&#8220;pyk\u010dio&#8221;) tarp antaki\u0173 atsiradim\u0105.<\/p>\n<p>Nazolabialini\u0173 rauk\u0161li\u0173 (nosies &#8211; l\u016bpu\u0328 kampo, kitaip dar vadinamos juoko rauks\u030cl\u0117s) susidarymo prie\u017eastys yra nosies raumens ir raumen\u0173, pakelian\u010di\u0173 vir\u0161utin\u0119 l\u016bp\u0105 ir nosies sparn\u0105, \u012ftempimas, taip pat nuolatinis centrin\u0117s veido dalies raumen\u0173 darbas, atsakingas u\u017e m\u016bs\u0173 \u0161ypsenas ir juok\u0105. D\u0117l raumen\u0173 spazm\u0173 susiformavusios rauk\u0161l\u0117s tampa labiau matomos.<\/p>\n<p>Veido sen\u0117jimas taip pat yra susij\u0119s su mink\u0161t\u0173j\u0173 audini\u0173 nykimu tam tikrose srityse, o kitose \u2013 nuolatine riebal\u0173 hipertrofija (pertekliumi).<\/p>\n<p>Poodinio riebalinio sluoksnio suma\u017e\u0117jimui kai kuriose vietose \u012ftakos turi ir raumen\u0173 \u012ftampa \u2013 kramtomojo raumens suspaudimas, smilkininio raumens pertempimas, suspaustos l\u016bpos, \u012fsitempusi kakta \u2013 visa tai prisideda prie poodinio riebalinio sluoksnio ma\u017e\u0117jimo \u0161i\u0173 raumen\u0173 vietose.<\/p>\n<p><strong>SPLIT masa\u017eas<\/strong> &#8211; metodas, nukreiptas \u012f tolygesn\u012f riebalinio audinio pasiskirstym\u0105, jo atk\u016brim\u0105 prarastose vietose ir riebalin\u0117s hipertrofijos ma\u017einim\u0105 ten, kur jis susidar\u0117. Taip pat atstatomas raumen\u0173 tonusas, formuojamos apimtys ir i\u0161lyginami nelygumai, t.y. sukuriamas pakankamas subalansuotas audini\u0173 pasiskirstymas veide, pana\u0161us \u012f audini\u0173 pasiskirstym\u0105 ant jauno veido.<\/p>\n<p>Ta\u0161kini\u0173 judesi\u0173 pagalba atpalaiduojami raumenys ir rai\u0161\u010diai, i\u0161masa\u017euojamos riebalinio audinio kaupimosi zonos, specialiais judesiais, sukurian\u010diais audini\u0173 vibracij\u0105, pagalba skatinami dirbti raumenys.<\/p>\n<p>Jei po <strong>SPLIT masa\u017eo<\/strong> kurso planuojate daryti veido kont\u016bravim\u0105 u\u017epildais, injekcij\u0173 poveikis bus ry\u0161kesnis, u\u017epildai geriau pasiskirstys, o gra\u017eiam, harmoningam rezultatui pasiekti prireiks ma\u017eesnio preparato kiekio.<\/p>\n<p>Tam tikra prasme <strong>SPLIT masa\u017eas<\/strong> yra fiziologi\u0161kai pagr\u012fstas masa\u017eas ir manualin\u0117 technika, kuria siekiama pa\u0161alinti su am\u017eiumi susijusi\u0173 veido deformacij\u0173 prie\u017eastis.<\/p>\n<p><strong>Kokio rezultato galima tik\u0117tis:<\/strong><\/p>\n<ul>\n<li>Audini\u0173 t\u016brio papildymas skruostikauli\u0173, skruost\u0173 srityje.<\/li>\n<li>I\u0161silygina nazolabialine\u0307s rauks\u030cle\u0307s, nes jos daugiausia yra riebal\u0173 ir limfos s\u0105stingis.<\/li>\n<li>Pager\u0117ja odos spalva ir kokyb\u0117: suaktyv\u0117jus kraujotakai, padid\u0117ja odos mityba ir dr\u0117kinimas, d\u0117l to i\u0161nyksta smulkios rauk\u0161l\u0117s, ne tokios ry\u0161kios tampa gilios rauk\u0161l\u0117s.<\/li>\n<li>Suma\u017e\u0117ja \u201eantras\u201c pagurklis, ir \u201ebuldogo\u201c skruostai.<\/li>\n<li>D\u0117l limfos drena\u017eo suma\u017e\u0117ja pabrinkimai.<\/li>\n<li>D\u0117l raumen\u0173 \u012ftampos pa\u0161alinimo kakta tampa lygesn\u0117, pakyla antakiai.<\/li>\n<li>Suma\u017e\u0117ja riebalini\u0173 i\u0161var\u017e\u0173, paburkim\u0173 aki\u0173 srityje.<\/li>\n<li>D\u0117l pager\u0117jusios kraujotakos &#8220;u\u017esipildo&#8221; smilkiniai.&nbsp;<\/li>\n<li>Atkuriamas raumen\u0173 tonusas. Pa\u0161alinus raumen\u0173 spazmus \u017emogus pradeda jaustis daug geriau, pails\u0117j\u0119s, labiau atsipalaidav\u0119s. Tai i\u0161kart atsispindi i\u0161vaizdoje. Pavyzd\u017eiui, jei l\u016bpos su\u010diauptos, o kampu\u010diai nuleisti, tai po pirmo u\u017esi\u0117mimo jos atrodo putlesn\u0117s, o l\u016bp\u0173 kampu\u010diai pakyla, veide n\u0117ra li\u016bdesio p\u0117dsak\u0173.<\/li>\n<\/ul>\n<p>Masa\u017eo metu nenaudojama kosmetika, o tai leid\u017eia efektyviau nustatyti veido raumen\u0173 fibrozinius rei\u0161kinius, limfos s\u0105stov\u012f, taip pat gili\u0173j\u0173 raumen\u0173 nepaslankum\u0105.<\/p>\n\n<p><\/p>\n<p style=\"text-align: center;\"><strong>Proced\u016bros trukm\u0117: <\/strong>90 min.<\/p>\t\t\t\t\t<\/div>\n\t\t\t\t\t\t<\/div>\n\t\t\t\t<\/div>\n\t\t\t\t<div class=\"elementor-element elementor-element-2175db5 elementor-view-default elementor-widget elementor-widget-icon\" data-id=\"2175db5\" data-element_type=\"widget\" data-widget_type=\"icon.default\">\n\t\t\t\t<div class=\"elementor-widget-container\">\n\t\t\t\t\t<div class=\"elementor-icon-wrapper\">\n\t\t\t<div class=\"elementor-icon\">\n\t\t\t<i aria-hidden=\"true\" class=\"fas fa-spa\"><\/i>\t\t\t<\/div>\n\t\t<\/div>\n\t\t\t\t<\/div>\n\t\t\t\t<\/div>\n\t\t\t\t\t\t<\/div>\n\t\t\t\t\t<\/div>\n\t\t<\/div>\n\t\t\t\t\t\t\t\t<\/div>\n\t\t\t\t\t<\/div>\n\t\t<\/section>\n\t\t\t\t\t\t\t\t\t<\/div>\n\t\t\t<\/div>\n\t\t\t\t\t<\/div>\n\t\t","protected":false},"excerpt":{"rendered":"<p><a href=\"https:\/\/veidoterapija.lt\/?page_id=666\" class=\"more-link\">Pla\u010diau&#8230;<span class=\"screen-reader-text\">SPLIT masa\u017eas<\/span><\/a><\/p>\n","protected":false},"author":1,"featured_media":0,"parent":0,"menu_order":0,"comment_status":"closed","ping_status":"closed","template":"","meta":{"footnotes":""},"class_list":["post-666","page","type-page","status-publish","hentry"],"_links":{"self":[{"href":"https:\/\/veidoterapija.lt\/index.php?rest_route=\/wp\/v2\/pages\/666","targetHints":{"allow":["GET"]}}],"collection":[{"href":"https:\/\/veidoterapija.lt\/index.php?rest_route=\/wp\/v2\/pages"}],"about":[{"href":"https:\/\/veidoterapija.lt\/index.php?rest_route=\/wp\/v2\/types\/page"}],"author":[{"embeddable":true,"href":"https:\/\/veidoterapija.lt\/index.php?rest_route=\/wp\/v2\/users\/1"}],"replies":[{"embeddable":true,"href":"https:\/\/veidoterapija.lt\/index.php?rest_route=%2Fwp%2Fv2%2Fcomments&post=666"}],"version-history":[{"count":10,"href":"https:\/\/veidoterapija.lt\/index.php?rest_route=\/wp\/v2\/pages\/666\/revisions"}],"predecessor-version":[{"id":768,"href":"https:\/\/veidoterapija.lt\/index.php?rest_route=\/wp\/v2\/pages\/666\/revisions\/768"}],"wp:attachment":[{"href":"https:\/\/veidoterapija.lt\/index.php?rest_route=%2Fwp%2Fv2%2Fmedia&parent=666"}],"curies":[{"name":"wp","href":"https:\/\/api.w.org\/{rel}","templated":true}]}}