{"id":547,"date":"2022-09-16T19:43:11","date_gmt":"2022-09-16T19:43:11","guid":{"rendered":"http:\/\/veidoterapija.lt\/?page_id=547"},"modified":"2023-09-02T18:52:06","modified_gmt":"2023-09-02T18:52:06","slug":"odos-su-fotosenejimo-pozymiais-stangrinamoji-prieziura-onmacabim","status":"publish","type":"page","link":"https:\/\/veidoterapija.lt\/?page_id=547","title":{"rendered":"ODOS SU FOTOSEN\u0116JIMO PO\u017dYMIAIS STANGRINAMOJI PRIE\u017dI\u016aRA (ONmacabim)"},"content":{"rendered":"\t\t<div data-elementor-type=\"wp-page\" data-elementor-id=\"547\" class=\"elementor elementor-547\">\n\t\t\t\t\t\t<div class=\"elementor-inner\">\n\t\t\t\t<div class=\"elementor-section-wrap\">\n\t\t\t\t\t\t\t\t\t<section class=\"elementor-section elementor-top-section elementor-element elementor-element-0590f76 elementor-section-boxed elementor-section-height-default elementor-section-height-default\" data-id=\"0590f76\" data-element_type=\"section\">\n\t\t\t\t\t\t<div class=\"elementor-container elementor-column-gap-default\">\n\t\t\t\t\t\t\t<div class=\"elementor-row\">\n\t\t\t\t\t<div class=\"elementor-column elementor-col-100 elementor-top-column elementor-element elementor-element-64617fe\" data-id=\"64617fe\" data-element_type=\"column\">\n\t\t\t<div class=\"elementor-column-wrap elementor-element-populated\">\n\t\t\t\t\t\t\t<div class=\"elementor-widget-wrap\">\n\t\t\t\t\t\t<div class=\"elementor-element elementor-element-75d13db elementor-widget-divider--view-line elementor-widget elementor-widget-divider\" data-id=\"75d13db\" data-element_type=\"widget\" data-widget_type=\"divider.default\">\n\t\t\t\t<div class=\"elementor-widget-container\">\n\t\t\t\t\t<div class=\"elementor-divider\">\n\t\t\t<span class=\"elementor-divider-separator\">\n\t\t\t\t\t\t<\/span>\n\t\t<\/div>\n\t\t\t\t<\/div>\n\t\t\t\t<\/div>\n\t\t\t\t<div class=\"elementor-element elementor-element-92cd91b elementor-widget elementor-widget-image\" data-id=\"92cd91b\" data-element_type=\"widget\" data-widget_type=\"image.default\">\n\t\t\t\t<div class=\"elementor-widget-container\">\n\t\t\t\t\t\t\t\t<div class=\"elementor-image\">\n\t\t\t\t\t\t\t\t\t\t\t\t<img loading=\"lazy\" decoding=\"async\" width=\"300\" height=\"189\" src=\"https:\/\/veidoterapija.lt\/wp-content\/uploads\/2022\/09\/306080274_3383800155175156_7451671612832033545_n-300x189.jpg\" class=\"attachment-medium size-medium\" alt=\"\" srcset=\"https:\/\/veidoterapija.lt\/wp-content\/uploads\/2022\/09\/306080274_3383800155175156_7451671612832033545_n-300x189.jpg 300w, https:\/\/veidoterapija.lt\/wp-content\/uploads\/2022\/09\/306080274_3383800155175156_7451671612832033545_n.jpg 750w\" sizes=\"auto, (max-width: 300px) 100vw, 300px\" \/>\t\t\t\t\t\t\t\t\t\t\t\t\t\t<\/div>\n\t\t\t\t\t\t<\/div>\n\t\t\t\t<\/div>\n\t\t\t\t\t\t<\/div>\n\t\t\t\t\t<\/div>\n\t\t<\/div>\n\t\t\t\t\t\t\t\t<\/div>\n\t\t\t\t\t<\/div>\n\t\t<\/section>\n\t\t\t\t<section class=\"elementor-section elementor-top-section elementor-element elementor-element-cf3e3ed elementor-section-boxed elementor-section-height-default elementor-section-height-default\" data-id=\"cf3e3ed\" data-element_type=\"section\">\n\t\t\t\t\t\t<div class=\"elementor-container elementor-column-gap-default\">\n\t\t\t\t\t\t\t<div class=\"elementor-row\">\n\t\t\t\t\t<div class=\"elementor-column elementor-col-100 elementor-top-column elementor-element elementor-element-70164c2\" data-id=\"70164c2\" data-element_type=\"column\">\n\t\t\t<div class=\"elementor-column-wrap\">\n\t\t\t\t\t\t\t<div class=\"elementor-widget-wrap\">\n\t\t\t\t\t\t\t\t<\/div>\n\t\t\t\t\t<\/div>\n\t\t<\/div>\n\t\t\t\t\t\t\t\t<\/div>\n\t\t\t\t\t<\/div>\n\t\t<\/section>\n\t\t\t\t<section class=\"elementor-section elementor-top-section elementor-element elementor-element-9e639ef elementor-section-boxed elementor-section-height-default elementor-section-height-default\" data-id=\"9e639ef\" data-element_type=\"section\">\n\t\t\t\t\t\t<div class=\"elementor-container elementor-column-gap-default\">\n\t\t\t\t\t\t\t<div class=\"elementor-row\">\n\t\t\t\t\t<div class=\"elementor-column elementor-col-100 elementor-top-column elementor-element elementor-element-24ed338\" data-id=\"24ed338\" data-element_type=\"column\">\n\t\t\t<div class=\"elementor-column-wrap elementor-element-populated\">\n\t\t\t\t\t\t\t<div class=\"elementor-widget-wrap\">\n\t\t\t\t\t\t<div class=\"elementor-element elementor-element-09e9d75 elementor-widget elementor-widget-text-editor\" data-id=\"09e9d75\" data-element_type=\"widget\" data-widget_type=\"text-editor.default\">\n\t\t\t\t<div class=\"elementor-widget-container\">\n\t\t\t\t\t\t\t\t<div class=\"elementor-text-editor elementor-clearfix\">\n\t\t\t\t<p>Naujausios tendencijos, kuriomis grind\u017eiamas proced\u016br\u0173 protokol\u0173 k\u016brimas \u2013 tai unikali\u0173 Jud\u0117jos dykumoje augan\u010di\u0173 vaistini\u0173 \u017eoleli\u0173 savybi\u0173 panaudojimo bei originali\u0173 ONmacabim mokslin\u0117s laboratorijos specialist\u0173 id\u0117j\u0173 \u012fgyvendinimo, pasitelkiant naujausias \u0161iuolaikin\u0117s kosmetikos pramon\u0117s technologijas, rezultatas.<\/p>\n<p>Proced\u016bra skirta odos hidrolipidin\u0117s pusiausvyros atstatymui, odos reljefo, elastingumo ir tonuso gerinimui.<\/p>\n<p><strong>&nbsp;<\/strong><strong>Proced\u016bros poveikis:<\/strong><\/p>\n<ul>\n<li>oda skatinima atsinaujinti, dr\u0117kinti ir maitiniti;<\/li>\n<li>stiprinti regeneracijos procesus ir apsaugines odos funkcijas;<\/li>\n<li>nelygios veido spalvos ir pigmentini\u0173 d\u0117mi\u0173 pa\u0161alinimui.<\/li>\n<\/ul>\n<p>Tinka vis\u0173 tip\u0173 odai, \u012fskaitant jautri\u0105.<\/p>\n<p><strong>Proced\u016broje naudojama:<\/strong><\/p>\n<p><em>Atkuriamasis \u0161veitiklis su petra\u017eoli\u0173 ekstraktu<\/em>, kuris \u0161velniai pa\u0161alina pavir\u0161iaus ne\u0161varumus, \u012fskaitant komedonus, skatina \u0161lak\u0173 ir toksin\u0173 pa\u0161alinim\u0105, stimuliuoja l\u0105steli\u0173 audini\u0173 regeneracij\u0105 ir pagreitina l\u0105steli\u0173 atsinaujinimo procesus. Jis turi intensyv\u0173 regeneruojam\u0105j\u012f ir valom\u0105j\u012f poveik\u012f. \u0160viesina od\u0105, suteikia jos pavir\u0161iui vienodumo.<\/p>\n<p><em>Glikolio r\u016bg\u0161tis<\/em>, kuri \u017eymiai pagerina odos pavir\u0161i\u0173, pastorina gyv\u0173 l\u0105steli\u0173 sluoksn\u012f, suma\u017eina ragin\u012f sluoksn\u012f ir l\u0105steli\u0173 sankaupas, suma\u017eina fotojautrum\u0105, i\u0161lygina smulkias rauk\u0161leles. Suteikia odai u\u017edegim\u0105 ma\u017einant\u012f poveik\u012f, turi atjauninam\u0105j\u012f poveik\u012f, nes glikolio r\u016bg\u0161tis stimuliuoja fibroblast\u0173 ir kolageno gamyb\u0105.<\/p>\n<p><em>Retinolio palmitatas (vitaminas A)<\/em>, kuris&nbsp; stimuliuoja l\u0105steli\u0173 dauginim\u0105si (dermos sustor\u0117jim\u0105), gerina barjerin\u0119 funkcij\u0105 ir odos elastingum\u0105. Galingas nuo sen\u0117jimo apsaugantis ingredientas: skatina odos l\u0105steli\u0173 atsinaujinim\u0105, aktyvina kolageno sintez\u0119 epitelio audinyje ir bendrai suma\u017eina sen\u0117jimo po\u017eymius.<\/p>\n<p><em>Koncentruotas vitaminas C<\/em>, kuris veikia kaip stiprus antioksidantas, sustiprina kolageno sintez\u0119 odoje, padidina odos stangrum\u0105, suma\u017eina hiperpigmentacij\u0105 ir d\u0117l am\u017eiaus atsiradusias d\u0117mes, turi u\u017edegim\u0105 ma\u017einant\u012f poveik\u012f, pagreitina odos \u012ftr\u016bkim\u0173 ir \u017eaizd\u0173 gijim\u0105, lygina rauk\u0161les, gerina veido spalv\u0105, stiprina kraujagysli\u0173 sieneles.<\/p>\n<p><em>Jauninamasis ekstraktas OMEGA 3+6+9<\/em>, pasi\u017eymintis polineso\u010di\u0173j\u0173 riebal\u0173 r\u016bg\u0161\u010di\u0173 gausa, daug antioksidant\u0173 ir vitamino E. Padidina elastingum\u0105, sustiprina ir atkuria epidermio strukt\u016br\u0105, dr\u0117kina, turi atjauninam\u0105j\u012f poveik\u012f.<\/p>\n<p><em>Maitinamoji kauk\u0117,<\/em> kuri suaktyvina l\u0105steli\u0173 procesus, normalizuoja med\u017eiag\u0173 apykait\u0105, pagerina kraujotak\u0105 dermoje, reguliuoja audini\u0173 pralaidum\u0105, i\u0161lygina smulkias rauk\u0161leles ir padidina odos elastingum\u0105.<\/p>\n<p><em>Aminor\u016bg\u0161\u010di\u0173 kokteilis<\/em>, turintis galing\u0105 antioksidacin\u012f poveik\u012f, strukt\u016brin\u0117 med\u017eiaga kolageno sintezei, atstato pa\u017eeist\u0105 od\u0105 l\u0105steli\u0173 lygmenyje, sustiprina fibroblast\u0173 aktyvum\u0105.<\/p>\n<p><strong>&nbsp;<\/strong><\/p>\n<p style=\"text-align: center;\"><strong>Proced\u016bros trukm\u0117: <\/strong>60 min<\/p>\t\t\t\t\t<\/div>\n\t\t\t\t\t\t<\/div>\n\t\t\t\t<\/div>\n\t\t\t\t\t\t<\/div>\n\t\t\t\t\t<\/div>\n\t\t<\/div>\n\t\t\t\t\t\t\t\t<\/div>\n\t\t\t\t\t<\/div>\n\t\t<\/section>\n\t\t\t\t<section class=\"elementor-section elementor-top-section elementor-element elementor-element-45cf244 elementor-section-boxed elementor-section-height-default elementor-section-height-default\" data-id=\"45cf244\" data-element_type=\"section\">\n\t\t\t\t\t\t<div class=\"elementor-container elementor-column-gap-default\">\n\t\t\t\t\t\t\t<div class=\"elementor-row\">\n\t\t\t\t\t<div class=\"elementor-column elementor-col-100 elementor-top-column elementor-element elementor-element-a0e5840\" data-id=\"a0e5840\" data-element_type=\"column\">\n\t\t\t<div class=\"elementor-column-wrap elementor-element-populated\">\n\t\t\t\t\t\t\t<div class=\"elementor-widget-wrap\">\n\t\t\t\t\t\t<div class=\"elementor-element elementor-element-11d6c75 elementor-view-default elementor-widget elementor-widget-icon\" data-id=\"11d6c75\" data-element_type=\"widget\" data-widget_type=\"icon.default\">\n\t\t\t\t<div class=\"elementor-widget-container\">\n\t\t\t\t\t<div class=\"elementor-icon-wrapper\">\n\t\t\t<div class=\"elementor-icon\">\n\t\t\t<i aria-hidden=\"true\" class=\"fas fa-spa\"><\/i>\t\t\t<\/div>\n\t\t<\/div>\n\t\t\t\t<\/div>\n\t\t\t\t<\/div>\n\t\t\t\t\t\t<\/div>\n\t\t\t\t\t<\/div>\n\t\t<\/div>\n\t\t\t\t\t\t\t\t<\/div>\n\t\t\t\t\t<\/div>\n\t\t<\/section>\n\t\t\t\t\t\t\t\t\t<\/div>\n\t\t\t<\/div>\n\t\t\t\t\t<\/div>\n\t\t","protected":false},"excerpt":{"rendered":"<p><a href=\"https:\/\/veidoterapija.lt\/?page_id=547\" class=\"more-link\">Pla\u010diau&#8230;<span class=\"screen-reader-text\">ODOS SU FOTOSEN\u0116JIMO PO\u017dYMIAIS STANGRINAMOJI PRIE\u017dI\u016aRA (ONmacabim)<\/span><\/a><\/p>\n","protected":false},"author":1,"featured_media":0,"parent":0,"menu_order":0,"comment_status":"closed","ping_status":"closed","template":"","meta":{"footnotes":""},"class_list":["post-547","page","type-page","status-publish","hentry"],"_links":{"self":[{"href":"https:\/\/veidoterapija.lt\/index.php?rest_route=\/wp\/v2\/pages\/547","targetHints":{"allow":["GET"]}}],"collection":[{"href":"https:\/\/veidoterapija.lt\/index.php?rest_route=\/wp\/v2\/pages"}],"about":[{"href":"https:\/\/veidoterapija.lt\/index.php?rest_route=\/wp\/v2\/types\/page"}],"author":[{"embeddable":true,"href":"https:\/\/veidoterapija.lt\/index.php?rest_route=\/wp\/v2\/users\/1"}],"replies":[{"embeddable":true,"href":"https:\/\/veidoterapija.lt\/index.php?rest_route=%2Fwp%2Fv2%2Fcomments&post=547"}],"version-history":[{"count":13,"href":"https:\/\/veidoterapija.lt\/index.php?rest_route=\/wp\/v2\/pages\/547\/revisions"}],"predecessor-version":[{"id":750,"href":"https:\/\/veidoterapija.lt\/index.php?rest_route=\/wp\/v2\/pages\/547\/revisions\/750"}],"wp:attachment":[{"href":"https:\/\/veidoterapija.lt\/index.php?rest_route=%2Fwp%2Fv2%2Fmedia&parent=547"}],"curies":[{"name":"wp","href":"https:\/\/api.w.org\/{rel}","templated":true}]}}