{"id":532,"date":"2022-09-16T19:25:11","date_gmt":"2022-09-16T19:25:11","guid":{"rendered":"http:\/\/veidoterapija.lt\/?page_id=532"},"modified":"2023-09-02T18:46:44","modified_gmt":"2023-09-02T18:46:44","slug":"atkuriamasis-stangrinimas-brandzios-odos-procedura-onmacabim","status":"publish","type":"page","link":"https:\/\/veidoterapija.lt\/?page_id=532","title":{"rendered":"ATKURIAMASIS STANGRINIMAS \u2013 BRAND\u017dIOS ODOS PROCED\u016aRA (ONmacabim)"},"content":{"rendered":"\t\t<div data-elementor-type=\"wp-page\" data-elementor-id=\"532\" class=\"elementor elementor-532\">\n\t\t\t\t\t\t<div class=\"elementor-inner\">\n\t\t\t\t<div class=\"elementor-section-wrap\">\n\t\t\t\t\t\t\t\t\t<section class=\"elementor-section elementor-top-section elementor-element elementor-element-4b808ef elementor-section-boxed elementor-section-height-default elementor-section-height-default\" data-id=\"4b808ef\" data-element_type=\"section\">\n\t\t\t\t\t\t<div class=\"elementor-container elementor-column-gap-default\">\n\t\t\t\t\t\t\t<div class=\"elementor-row\">\n\t\t\t\t\t<div class=\"elementor-column elementor-col-100 elementor-top-column elementor-element elementor-element-6d2f9a0\" data-id=\"6d2f9a0\" data-element_type=\"column\">\n\t\t\t<div class=\"elementor-column-wrap elementor-element-populated\">\n\t\t\t\t\t\t\t<div class=\"elementor-widget-wrap\">\n\t\t\t\t\t\t<div class=\"elementor-element elementor-element-685a89f elementor-widget-divider--view-line elementor-widget elementor-widget-divider\" data-id=\"685a89f\" data-element_type=\"widget\" data-widget_type=\"divider.default\">\n\t\t\t\t<div class=\"elementor-widget-container\">\n\t\t\t\t\t<div class=\"elementor-divider\">\n\t\t\t<span class=\"elementor-divider-separator\">\n\t\t\t\t\t\t<\/span>\n\t\t<\/div>\n\t\t\t\t<\/div>\n\t\t\t\t<\/div>\n\t\t\t\t<div class=\"elementor-element elementor-element-9d52d42 elementor-widget elementor-widget-image\" data-id=\"9d52d42\" data-element_type=\"widget\" data-widget_type=\"image.default\">\n\t\t\t\t<div class=\"elementor-widget-container\">\n\t\t\t\t\t\t\t\t<div class=\"elementor-image\">\n\t\t\t\t\t\t\t\t\t\t\t\t<img loading=\"lazy\" decoding=\"async\" width=\"300\" height=\"189\" src=\"https:\/\/veidoterapija.lt\/wp-content\/uploads\/2022\/09\/306080274_3383800155175156_7451671612832033545_n-300x189.jpg\" class=\"attachment-medium size-medium\" alt=\"\" srcset=\"https:\/\/veidoterapija.lt\/wp-content\/uploads\/2022\/09\/306080274_3383800155175156_7451671612832033545_n-300x189.jpg 300w, https:\/\/veidoterapija.lt\/wp-content\/uploads\/2022\/09\/306080274_3383800155175156_7451671612832033545_n.jpg 750w\" sizes=\"auto, (max-width: 300px) 100vw, 300px\" \/>\t\t\t\t\t\t\t\t\t\t\t\t\t\t<\/div>\n\t\t\t\t\t\t<\/div>\n\t\t\t\t<\/div>\n\t\t\t\t\t\t<\/div>\n\t\t\t\t\t<\/div>\n\t\t<\/div>\n\t\t\t\t\t\t\t\t<\/div>\n\t\t\t\t\t<\/div>\n\t\t<\/section>\n\t\t\t\t<section class=\"elementor-section elementor-top-section elementor-element elementor-element-47e1b8e elementor-section-boxed elementor-section-height-default elementor-section-height-default\" data-id=\"47e1b8e\" data-element_type=\"section\">\n\t\t\t\t\t\t<div class=\"elementor-container elementor-column-gap-default\">\n\t\t\t\t\t\t\t<div class=\"elementor-row\">\n\t\t\t\t\t<div class=\"elementor-column elementor-col-100 elementor-top-column elementor-element elementor-element-04ee299\" data-id=\"04ee299\" data-element_type=\"column\">\n\t\t\t<div class=\"elementor-column-wrap elementor-element-populated\">\n\t\t\t\t\t\t\t<div class=\"elementor-widget-wrap\">\n\t\t\t\t\t\t<div class=\"elementor-element elementor-element-354ec25 elementor-widget elementor-widget-spacer\" data-id=\"354ec25\" data-element_type=\"widget\" data-widget_type=\"spacer.default\">\n\t\t\t\t<div class=\"elementor-widget-container\">\n\t\t\t\t\t<div class=\"elementor-spacer\">\n\t\t\t<div class=\"elementor-spacer-inner\"><\/div>\n\t\t<\/div>\n\t\t\t\t<\/div>\n\t\t\t\t<\/div>\n\t\t\t\t\t\t<\/div>\n\t\t\t\t\t<\/div>\n\t\t<\/div>\n\t\t\t\t\t\t\t\t<\/div>\n\t\t\t\t\t<\/div>\n\t\t<\/section>\n\t\t\t\t<section class=\"elementor-section elementor-top-section elementor-element elementor-element-a2a36ec elementor-section-boxed elementor-section-height-default elementor-section-height-default\" data-id=\"a2a36ec\" data-element_type=\"section\">\n\t\t\t\t\t\t<div class=\"elementor-container elementor-column-gap-default\">\n\t\t\t\t\t\t\t<div class=\"elementor-row\">\n\t\t\t\t\t<div class=\"elementor-column elementor-col-100 elementor-top-column elementor-element elementor-element-2aada96\" data-id=\"2aada96\" data-element_type=\"column\">\n\t\t\t<div class=\"elementor-column-wrap elementor-element-populated\">\n\t\t\t\t\t\t\t<div class=\"elementor-widget-wrap\">\n\t\t\t\t\t\t<div class=\"elementor-element elementor-element-2b5a018 elementor-widget elementor-widget-text-editor\" data-id=\"2b5a018\" data-element_type=\"widget\" data-widget_type=\"text-editor.default\">\n\t\t\t\t<div class=\"elementor-widget-container\">\n\t\t\t\t\t\t\t\t<div class=\"elementor-text-editor elementor-clearfix\">\n\t\t\t\t<p>Naujausios tendencijos, kuriomis grind\u017eiamas proced\u016br\u0173 protokol\u0173 k\u016brimas \u2013 tai unikali\u0173 Jud\u0117jos dykumoje augan\u010di\u0173 vaistini\u0173 \u017eoleli\u0173 savybi\u0173 panaudojimo bei originali\u0173 ONmacabim mokslin\u0117s laboratorijos specialist\u0173 id\u0117j\u0173 \u012fgyvendinimo, pasitelkiant naujausias \u0161iuolaikin\u0117s kosmetikos pramon\u0117s technologijas, rezultatas.<\/p>\n<p><strong>Proced\u016bra pasi\u017eymi i\u0161kart matomu efektu: oda pridr\u0117kinta, \u0161vyti, geras liftingo efektas, i\u0161silygina nedidel\u0117s rauk\u0161lel\u0117s. Veido spalva tampa tolygi, i\u0161nyksta bly\u0161kumas ir nuovargio p\u0117dsakai.<\/strong><\/p>\n<p><strong>Proced\u016bros poveikis:<\/strong><\/p>\n<ul>\n<li>hidrolipid\u0173 pusiausvyros atstatymas, odos stangrumo ir elastingumo padidinimas;<\/li>\n<li>intensyvus odos maitinimas ir dr\u0117kinimas;<\/li>\n<li>apsaugini\u0173 odos funkcij\u0173 atstatymas ir regeneracijos proces\u0173 skatinimas;<\/li>\n<li>veido kont\u016bro stiprinimas ir korekcija.<\/li>\n<\/ul>\n<p>Tinka vis\u0173 tip\u0173 odai, \u012fskaitant jautri\u0105.<\/p>\n<p><strong>Proced\u016broje naudojama:<\/strong><\/p>\n<p><em>Atkuriamasis \u0161veitiklis<\/em> su petra\u017eoli\u0173 ekstraktu, kuris \u0161velniai pa\u0161alina pavir\u0161iaus ne\u0161varumus, \u012fskaitant komedonus, skatina \u0161lak\u0173 ir toksin\u0173 pa\u0161alinim\u0105, stimuliuoja l\u0105steli\u0173 audini\u0173 regeneracij\u0105 ir pagreitina l\u0105steli\u0173 atsinaujinimo procesus. Jis turi intensyv\u0173 regeneruojam\u0105j\u012f ir valom\u0105j\u012f poveik\u012f. \u0160viesina od\u0105, suteikia jos pavir\u0161iui vienodumo.<\/p>\n<p><em>Glikolio r\u016bg\u0161tis<\/em>, kuri \u017eymiai pagerina odos pavir\u0161i\u0173, pastorina gyv\u0173 l\u0105steli\u0173 sluoksn\u012f, suma\u017eina ragin\u012f sluoksn\u012f ir l\u0105steli\u0173 sankaupas, suma\u017eina fotojautrum\u0105, i\u0161lygina smulkias rauk\u0161leles. Suteikia odai u\u017edegim\u0105 ma\u017einant\u012f poveik\u012f, turi atjauninam\u0105j\u012f poveik\u012f, nes glikolio r\u016bg\u0161tis stimuliuoja fibroblast\u0173 ir kolageno gamyb\u0105.<\/p>\n<p><em>Dr\u0117kinanamoji hialurono kauk\u0117<\/em>, kuri intensyviai dr\u0117kina, ramina ir biostimuliuoja, suma\u017eina u\u017edegimines reakcijas, i\u0161lygina veido, kaklo ir dekolt\u0117 rauk\u0161les.<\/p>\n<p><em>Retinolio palmitatas (vitaminas A)<\/em>, kuris &nbsp;stimuliuoja l\u0105steli\u0173 dauginim\u0105si (dermos sustor\u0117jim\u0105), gerina barjerin\u0119 funkcij\u0105 ir odos elastingum\u0105. Galingas nuo sen\u0117jimo apsaugantis ingredientas: skatina odos l\u0105steli\u0173 atsinaujinim\u0105, aktyvina kolageno sintez\u0119 epitelio audinyje ir bendrai suma\u017eina sen\u0117jimo po\u017eymius.<\/p>\n<p><em>Maitinamoji kauk\u0117 su vitaminu \u0421<\/em>, kuri pa\u0161alina tamsias d\u0117mes, skaistina od\u0105, suteikia jai \u0161vyt\u0117jimo, stangrumo, elastingumo ir \u0161velnumo. Puikiai gaivina, intensyviai maitina ir lygina od\u0105, pa\u0161alina streso ir nuovargio p\u0117dsakus, sukuria visi\u0161kai \u0161vie\u017ei\u0105 ir tolygi\u0105 veido spalv\u0105.<\/p>\n<p><em>Serumas su vitaminu E ir simondsij\u0173 aliejumi<\/em> yra \u017einomas pavadinimu \u201ejaunyst\u0117s vitaminas\u201c. L\u0117tina sen\u0117jimo proces\u0105, prisideda prie kraujo praturtinimo deguonimi, normalizuoja riebal\u0173 kiek\u012f poodiniame sluoksnyje, stimuliuoja limfos ir kraujo apytak\u0105, skatina odos kolageno susidarym\u0105, ma\u017eina odos jautrum\u0105, gerina l\u0105steli\u0173 mityb\u0105, sustiprina kraujagysli\u0173 sieneles.<\/p>\n<p><\/p>\n<p style=\"text-align: center;\"><strong>Proced\u016bros trukm\u0117:<\/strong> 60 min.<\/p>\t\t\t\t\t<\/div>\n\t\t\t\t\t\t<\/div>\n\t\t\t\t<\/div>\n\t\t\t\t\t\t<\/div>\n\t\t\t\t\t<\/div>\n\t\t<\/div>\n\t\t\t\t\t\t\t\t<\/div>\n\t\t\t\t\t<\/div>\n\t\t<\/section>\n\t\t\t\t<section class=\"elementor-section elementor-top-section elementor-element elementor-element-ed8d959 elementor-section-boxed elementor-section-height-default elementor-section-height-default\" data-id=\"ed8d959\" data-element_type=\"section\">\n\t\t\t\t\t\t<div class=\"elementor-container elementor-column-gap-default\">\n\t\t\t\t\t\t\t<div class=\"elementor-row\">\n\t\t\t\t\t<div class=\"elementor-column elementor-col-100 elementor-top-column elementor-element elementor-element-a87a602\" data-id=\"a87a602\" data-element_type=\"column\">\n\t\t\t<div class=\"elementor-column-wrap elementor-element-populated\">\n\t\t\t\t\t\t\t<div class=\"elementor-widget-wrap\">\n\t\t\t\t\t\t<div class=\"elementor-element elementor-element-1393048 elementor-view-default elementor-widget elementor-widget-icon\" data-id=\"1393048\" data-element_type=\"widget\" data-widget_type=\"icon.default\">\n\t\t\t\t<div class=\"elementor-widget-container\">\n\t\t\t\t\t<div class=\"elementor-icon-wrapper\">\n\t\t\t<div class=\"elementor-icon\">\n\t\t\t<i aria-hidden=\"true\" class=\"fas fa-spa\"><\/i>\t\t\t<\/div>\n\t\t<\/div>\n\t\t\t\t<\/div>\n\t\t\t\t<\/div>\n\t\t\t\t\t\t<\/div>\n\t\t\t\t\t<\/div>\n\t\t<\/div>\n\t\t\t\t\t\t\t\t<\/div>\n\t\t\t\t\t<\/div>\n\t\t<\/section>\n\t\t\t\t\t\t\t\t\t<\/div>\n\t\t\t<\/div>\n\t\t\t\t\t<\/div>\n\t\t","protected":false},"excerpt":{"rendered":"<p><a href=\"https:\/\/veidoterapija.lt\/?page_id=532\" class=\"more-link\">Pla\u010diau&#8230;<span class=\"screen-reader-text\">ATKURIAMASIS STANGRINIMAS \u2013 BRAND\u017dIOS ODOS PROCED\u016aRA (ONmacabim)<\/span><\/a><\/p>\n","protected":false},"author":1,"featured_media":0,"parent":0,"menu_order":0,"comment_status":"closed","ping_status":"closed","template":"","meta":{"footnotes":""},"class_list":["post-532","page","type-page","status-publish","hentry"],"_links":{"self":[{"href":"https:\/\/veidoterapija.lt\/index.php?rest_route=\/wp\/v2\/pages\/532","targetHints":{"allow":["GET"]}}],"collection":[{"href":"https:\/\/veidoterapija.lt\/index.php?rest_route=\/wp\/v2\/pages"}],"about":[{"href":"https:\/\/veidoterapija.lt\/index.php?rest_route=\/wp\/v2\/types\/page"}],"author":[{"embeddable":true,"href":"https:\/\/veidoterapija.lt\/index.php?rest_route=\/wp\/v2\/users\/1"}],"replies":[{"embeddable":true,"href":"https:\/\/veidoterapija.lt\/index.php?rest_route=%2Fwp%2Fv2%2Fcomments&post=532"}],"version-history":[{"count":19,"href":"https:\/\/veidoterapija.lt\/index.php?rest_route=\/wp\/v2\/pages\/532\/revisions"}],"predecessor-version":[{"id":719,"href":"https:\/\/veidoterapija.lt\/index.php?rest_route=\/wp\/v2\/pages\/532\/revisions\/719"}],"wp:attachment":[{"href":"https:\/\/veidoterapija.lt\/index.php?rest_route=%2Fwp%2Fv2%2Fmedia&parent=532"}],"curies":[{"name":"wp","href":"https:\/\/api.w.org\/{rel}","templated":true}]}}