{"id":476,"date":"2022-09-11T18:18:01","date_gmt":"2022-09-11T18:18:01","guid":{"rendered":"http:\/\/veidoterapija.lt\/?page_id=476"},"modified":"2025-01-02T18:04:35","modified_gmt":"2025-01-02T18:04:35","slug":"limfodrenazinis-masazas-po-akiu-voku-plastikos-operacijos","status":"publish","type":"page","link":"https:\/\/veidoterapija.lt\/?page_id=476","title":{"rendered":"Limfodrena\u017einis masa\u017eas po plastikos operacijos"},"content":{"rendered":"\t\t<div data-elementor-type=\"wp-page\" data-elementor-id=\"476\" class=\"elementor elementor-476\">\n\t\t\t\t\t\t<div class=\"elementor-inner\">\n\t\t\t\t<div class=\"elementor-section-wrap\">\n\t\t\t\t\t\t\t\t\t<section class=\"elementor-section elementor-top-section elementor-element elementor-element-04bc14d elementor-section-boxed elementor-section-height-default elementor-section-height-default\" data-id=\"04bc14d\" data-element_type=\"section\">\n\t\t\t\t\t\t<div class=\"elementor-container elementor-column-gap-default\">\n\t\t\t\t\t\t\t<div class=\"elementor-row\">\n\t\t\t\t\t<div class=\"elementor-column elementor-col-100 elementor-top-column elementor-element elementor-element-159e980\" data-id=\"159e980\" data-element_type=\"column\">\n\t\t\t<div class=\"elementor-column-wrap elementor-element-populated\">\n\t\t\t\t\t\t\t<div class=\"elementor-widget-wrap\">\n\t\t\t\t\t\t<div class=\"elementor-element elementor-element-6f0e4c1 elementor-widget-divider--view-line elementor-widget elementor-widget-divider\" data-id=\"6f0e4c1\" data-element_type=\"widget\" data-widget_type=\"divider.default\">\n\t\t\t\t<div class=\"elementor-widget-container\">\n\t\t\t\t\t<div class=\"elementor-divider\">\n\t\t\t<span class=\"elementor-divider-separator\">\n\t\t\t\t\t\t<\/span>\n\t\t<\/div>\n\t\t\t\t<\/div>\n\t\t\t\t<\/div>\n\t\t\t\t\t\t<\/div>\n\t\t\t\t\t<\/div>\n\t\t<\/div>\n\t\t\t\t\t\t\t\t<\/div>\n\t\t\t\t\t<\/div>\n\t\t<\/section>\n\t\t\t\t<section class=\"elementor-section elementor-top-section elementor-element elementor-element-ea5db52 elementor-section-boxed elementor-section-height-default elementor-section-height-default\" data-id=\"ea5db52\" data-element_type=\"section\">\n\t\t\t\t\t\t<div class=\"elementor-container elementor-column-gap-default\">\n\t\t\t\t\t\t\t<div class=\"elementor-row\">\n\t\t\t\t\t<div class=\"elementor-column elementor-col-100 elementor-top-column elementor-element elementor-element-bf5e0df\" data-id=\"bf5e0df\" data-element_type=\"column\">\n\t\t\t<div class=\"elementor-column-wrap elementor-element-populated\">\n\t\t\t\t\t\t\t<div class=\"elementor-widget-wrap\">\n\t\t\t\t\t\t<div class=\"elementor-element elementor-element-f79eed0 elementor-widget elementor-widget-image\" data-id=\"f79eed0\" data-element_type=\"widget\" data-widget_type=\"image.default\">\n\t\t\t\t<div class=\"elementor-widget-container\">\n\t\t\t\t\t\t\t\t<div class=\"elementor-image\">\n\t\t\t\t\t\t\t\t\t\t\t\t<img loading=\"lazy\" decoding=\"async\" width=\"300\" height=\"200\" src=\"https:\/\/veidoterapija.lt\/wp-content\/uploads\/2022\/09\/304848572_1124721761779293_8432766836712550890_n-300x200.jpg\" class=\"attachment-medium size-medium\" alt=\"\" srcset=\"https:\/\/veidoterapija.lt\/wp-content\/uploads\/2022\/09\/304848572_1124721761779293_8432766836712550890_n-300x200.jpg 300w, https:\/\/veidoterapija.lt\/wp-content\/uploads\/2022\/09\/304848572_1124721761779293_8432766836712550890_n-768x512.jpg 768w, https:\/\/veidoterapija.lt\/wp-content\/uploads\/2022\/09\/304848572_1124721761779293_8432766836712550890_n.jpg 828w\" sizes=\"auto, (max-width: 300px) 100vw, 300px\" \/>\t\t\t\t\t\t\t\t\t\t\t\t\t\t<\/div>\n\t\t\t\t\t\t<\/div>\n\t\t\t\t<\/div>\n\t\t\t\t<div class=\"elementor-element elementor-element-400f395 elementor-widget elementor-widget-text-editor\" data-id=\"400f395\" data-element_type=\"widget\" data-widget_type=\"text-editor.default\">\n\t\t\t\t<div class=\"elementor-widget-container\">\n\t\t\t\t\t\t\t\t<div class=\"elementor-text-editor elementor-clearfix\">\n\t\t\t\t<p>Visos chirurgin\u0117s intervencijos sutrikdo limfos nutek\u0117jim\u0105 koreguotose srityse, tod\u0117l po operacijos rekomenduojamas rankomis atliekamas limfodrena\u017einis masa\u017eas, kuris paskatina limfos apytak\u0105, stabdo audini\u0173 paburkim\u0105, ma\u017eina tempim\u0105.<\/p><p>Masa\u017eo metu nenaudojama kosmetika.<\/p><p style=\"text-align: center;\"><strong>Proced\u016bros trukm\u0117: <\/strong>40 min.<\/p>\t\t\t\t\t<\/div>\n\t\t\t\t\t\t<\/div>\n\t\t\t\t<\/div>\n\t\t\t\t<div class=\"elementor-element elementor-element-2929b6f elementor-view-default elementor-widget elementor-widget-icon\" data-id=\"2929b6f\" data-element_type=\"widget\" data-widget_type=\"icon.default\">\n\t\t\t\t<div class=\"elementor-widget-container\">\n\t\t\t\t\t<div class=\"elementor-icon-wrapper\">\n\t\t\t<div class=\"elementor-icon\">\n\t\t\t<i aria-hidden=\"true\" class=\"fas fa-spa\"><\/i>\t\t\t<\/div>\n\t\t<\/div>\n\t\t\t\t<\/div>\n\t\t\t\t<\/div>\n\t\t\t\t\t\t<\/div>\n\t\t\t\t\t<\/div>\n\t\t<\/div>\n\t\t\t\t\t\t\t\t<\/div>\n\t\t\t\t\t<\/div>\n\t\t<\/section>\n\t\t\t\t\t\t\t\t\t<\/div>\n\t\t\t<\/div>\n\t\t\t\t\t<\/div>\n\t\t","protected":false},"excerpt":{"rendered":"<p><a href=\"https:\/\/veidoterapija.lt\/?page_id=476\" class=\"more-link\">Pla\u010diau&#8230;<span class=\"screen-reader-text\">Limfodrena\u017einis masa\u017eas po plastikos operacijos<\/span><\/a><\/p>\n","protected":false},"author":1,"featured_media":0,"parent":0,"menu_order":0,"comment_status":"closed","ping_status":"closed","template":"","meta":{"footnotes":""},"class_list":["post-476","page","type-page","status-publish","hentry"],"_links":{"self":[{"href":"https:\/\/veidoterapija.lt\/index.php?rest_route=\/wp\/v2\/pages\/476","targetHints":{"allow":["GET"]}}],"collection":[{"href":"https:\/\/veidoterapija.lt\/index.php?rest_route=\/wp\/v2\/pages"}],"about":[{"href":"https:\/\/veidoterapija.lt\/index.php?rest_route=\/wp\/v2\/types\/page"}],"author":[{"embeddable":true,"href":"https:\/\/veidoterapija.lt\/index.php?rest_route=\/wp\/v2\/users\/1"}],"replies":[{"embeddable":true,"href":"https:\/\/veidoterapija.lt\/index.php?rest_route=%2Fwp%2Fv2%2Fcomments&post=476"}],"version-history":[{"count":17,"href":"https:\/\/veidoterapija.lt\/index.php?rest_route=\/wp\/v2\/pages\/476\/revisions"}],"predecessor-version":[{"id":809,"href":"https:\/\/veidoterapija.lt\/index.php?rest_route=\/wp\/v2\/pages\/476\/revisions\/809"}],"wp:attachment":[{"href":"https:\/\/veidoterapija.lt\/index.php?rest_route=%2Fwp%2Fv2%2Fmedia&parent=476"}],"curies":[{"name":"wp","href":"https:\/\/api.w.org\/{rel}","templated":true}]}}