{"id":41,"date":"2020-09-29T17:46:39","date_gmt":"2020-09-29T17:46:39","guid":{"rendered":"http:\/\/veidoterapija.lt\/?page_id=41"},"modified":"2023-09-02T18:49:00","modified_gmt":"2023-09-02T18:49:00","slug":"ultragarsinis-veido-valymas","status":"publish","type":"page","link":"https:\/\/veidoterapija.lt\/?page_id=41","title":{"rendered":"Kombinuotas veido valymas"},"content":{"rendered":"\t\t<div data-elementor-type=\"wp-page\" data-elementor-id=\"41\" class=\"elementor elementor-41\">\n\t\t\t\t\t\t<div class=\"elementor-inner\">\n\t\t\t\t<div class=\"elementor-section-wrap\">\n\t\t\t\t\t\t\t\t\t<section class=\"elementor-section elementor-top-section elementor-element elementor-element-9edc247 elementor-section-boxed elementor-section-height-default elementor-section-height-default\" data-id=\"9edc247\" data-element_type=\"section\">\n\t\t\t\t\t\t<div class=\"elementor-container elementor-column-gap-default\">\n\t\t\t\t\t\t\t<div class=\"elementor-row\">\n\t\t\t\t\t<div class=\"elementor-column elementor-col-100 elementor-top-column elementor-element elementor-element-1eae719\" data-id=\"1eae719\" data-element_type=\"column\">\n\t\t\t<div class=\"elementor-column-wrap elementor-element-populated\">\n\t\t\t\t\t\t\t<div class=\"elementor-widget-wrap\">\n\t\t\t\t\t\t<div class=\"elementor-element elementor-element-b10eec4 elementor-widget-divider--view-line elementor-widget elementor-widget-divider\" data-id=\"b10eec4\" data-element_type=\"widget\" data-widget_type=\"divider.default\">\n\t\t\t\t<div class=\"elementor-widget-container\">\n\t\t\t\t\t<div class=\"elementor-divider\">\n\t\t\t<span class=\"elementor-divider-separator\">\n\t\t\t\t\t\t<\/span>\n\t\t<\/div>\n\t\t\t\t<\/div>\n\t\t\t\t<\/div>\n\t\t\t\t\t\t<\/div>\n\t\t\t\t\t<\/div>\n\t\t<\/div>\n\t\t\t\t\t\t\t\t<\/div>\n\t\t\t\t\t<\/div>\n\t\t<\/section>\n\t\t\t\t<section class=\"elementor-section elementor-top-section elementor-element elementor-element-4104b99 elementor-section-boxed elementor-section-height-default elementor-section-height-default\" data-id=\"4104b99\" data-element_type=\"section\">\n\t\t\t\t\t\t<div class=\"elementor-container elementor-column-gap-default\">\n\t\t\t\t\t\t\t<div class=\"elementor-row\">\n\t\t\t\t\t<div class=\"elementor-column elementor-col-100 elementor-top-column elementor-element elementor-element-202de7f\" data-id=\"202de7f\" data-element_type=\"column\">\n\t\t\t<div class=\"elementor-column-wrap elementor-element-populated\">\n\t\t\t\t\t\t\t<div class=\"elementor-widget-wrap\">\n\t\t\t\t\t\t<div class=\"elementor-element elementor-element-d3f9f6f elementor-widget elementor-widget-text-editor\" data-id=\"d3f9f6f\" data-element_type=\"widget\" data-widget_type=\"text-editor.default\">\n\t\t\t\t<div class=\"elementor-widget-container\">\n\t\t\t\t\t\t\t\t<div class=\"elementor-text-editor elementor-clearfix\">\n\t\t\t\t<p><img loading=\"lazy\" decoding=\"async\" class=\"size-medium wp-image-211 alignright\" style=\"font-family: var( --e-global-typography-text-font-family ); font-size: 1.125rem;\" src=\"http:\/\/veidoterapija.lt\/wp-content\/uploads\/2020\/10\/Screenshot-2020-10-29-at-10.26.11-300x200.png\" alt=\"\" width=\"300\" height=\"200\" srcset=\"https:\/\/veidoterapija.lt\/wp-content\/uploads\/2020\/10\/Screenshot-2020-10-29-at-10.26.11-300x200.png 300w, https:\/\/veidoterapija.lt\/wp-content\/uploads\/2020\/10\/Screenshot-2020-10-29-at-10.26.11-1024x681.png 1024w, https:\/\/veidoterapija.lt\/wp-content\/uploads\/2020\/10\/Screenshot-2020-10-29-at-10.26.11-768x511.png 768w, https:\/\/veidoterapija.lt\/wp-content\/uploads\/2020\/10\/Screenshot-2020-10-29-at-10.26.11.png 1168w\" sizes=\"auto, (max-width: 300px) 100vw, 300px\" \/><\/p>\n<p>Efektyviausia odos valymo proced\u016bra derinant skirtingas valymo technikas ir naudojant profesionali\u0105 kosmetik\u0105.<\/p>\n<p>Proced\u016bros metu mechani\u0161kai pa\u0161alinami odos ne\u0161varumai, i\u0161valomos poros, ink\u0161tirai, spuogeliai. Papildomai naudojamas ultragarso aparatas, padeda dar efektyviau pa\u0161alinti odos ne\u0161varumus.<\/p>\n<p>Ultragarsini\u0173 bang\u0173 pagalba atveriamos odos poros, grei\u010diau ir geriau i\u0161valomas riebal\u0173 perteklius ir ne\u0161varumai. Prietaiso vibracija taip pat veikia kaip masa\u017eas, skatinantis kolageno ir elastino gamyb\u0105.<\/p>\n<p>Taip pat \u0161ios proced\u016bros metu stimuliuojami odos regeneracijos procesai. Pager\u0117ja odos mikrocirkuliacija, audini\u0173 mityba. Rezultatai matomi jau po vienos proced\u016bros \u2013 i\u0161valyti gilesni spuogai, komedonai, ink\u0161tirai, nu\u0161veista skaistesn\u0117 bei gaivesn\u0117 veido oda.<\/p>\n<p>Kombinuotas veido valymas tinka tiek vyrams, tiek moterims.<\/p>\n<p>Jei od\u0105 vargina u\u017edegimai, atviri bei u\u017edari ink\u0161tirai, pleiskanojimas, tai \u017eenklas, kad ji yra u\u017esiter\u0161usi ir jai reikalingas veido valymas.<\/p>\n<p><strong>Rekomendacijos po proced\u016bros:<\/strong><\/p>\n<ul>\n<li>24 h nesportuoti.<\/li>\n<li>Neiti \u012f pirt\u012f ar saun\u0105.<\/li>\n<li>Nerekomenduojama t\u0105 pa\u010di\u0105 dien\u0105 degintis soliariume, saul\u0117je b\u016btina naudoti apsaug\u0105 nuo saul\u0117s.<\/li>\n<li>Gerti daugiau vandens \u2013 bent 1,5-2 l per dien\u0105 (organizmas valosi nuo toksin\u0173 ir \u0161lak\u0173, tod\u0117l \u0161iems procesams b\u016btinas vanduo).<\/li>\n<\/ul>\n<p style=\"text-align: center;\"><strong>Proced\u016bros trukm\u0117: <\/strong>90 min.<\/p>\t\t\t\t\t<\/div>\n\t\t\t\t\t\t<\/div>\n\t\t\t\t<\/div>\n\t\t\t\t\t\t<\/div>\n\t\t\t\t\t<\/div>\n\t\t<\/div>\n\t\t\t\t\t\t\t\t<\/div>\n\t\t\t\t\t<\/div>\n\t\t<\/section>\n\t\t\t\t<section class=\"elementor-section elementor-top-section elementor-element elementor-element-70953d4 elementor-section-boxed elementor-section-height-default elementor-section-height-default\" data-id=\"70953d4\" data-element_type=\"section\">\n\t\t\t\t\t\t<div class=\"elementor-container elementor-column-gap-default\">\n\t\t\t\t\t\t\t<div class=\"elementor-row\">\n\t\t\t\t\t<div class=\"elementor-column elementor-col-100 elementor-top-column elementor-element elementor-element-33919ae\" data-id=\"33919ae\" data-element_type=\"column\">\n\t\t\t<div class=\"elementor-column-wrap elementor-element-populated\">\n\t\t\t\t\t\t\t<div class=\"elementor-widget-wrap\">\n\t\t\t\t\t\t<div class=\"elementor-element elementor-element-b7c1418 elementor-view-default elementor-widget elementor-widget-icon\" data-id=\"b7c1418\" data-element_type=\"widget\" data-widget_type=\"icon.default\">\n\t\t\t\t<div class=\"elementor-widget-container\">\n\t\t\t\t\t<div class=\"elementor-icon-wrapper\">\n\t\t\t<div class=\"elementor-icon\">\n\t\t\t<i aria-hidden=\"true\" class=\"fas fa-spa\"><\/i>\t\t\t<\/div>\n\t\t<\/div>\n\t\t\t\t<\/div>\n\t\t\t\t<\/div>\n\t\t\t\t\t\t<\/div>\n\t\t\t\t\t<\/div>\n\t\t<\/div>\n\t\t\t\t\t\t\t\t<\/div>\n\t\t\t\t\t<\/div>\n\t\t<\/section>\n\t\t\t\t\t\t\t\t\t<\/div>\n\t\t\t<\/div>\n\t\t\t\t\t<\/div>\n\t\t","protected":false},"excerpt":{"rendered":"<p><a href=\"https:\/\/veidoterapija.lt\/?page_id=41\" class=\"more-link\">Pla\u010diau&#8230;<span class=\"screen-reader-text\">Kombinuotas veido valymas<\/span><\/a><\/p>\n","protected":false},"author":1,"featured_media":157,"parent":0,"menu_order":0,"comment_status":"closed","ping_status":"closed","template":"","meta":{"footnotes":""},"class_list":["post-41","page","type-page","status-publish","has-post-thumbnail","hentry"],"_links":{"self":[{"href":"https:\/\/veidoterapija.lt\/index.php?rest_route=\/wp\/v2\/pages\/41","targetHints":{"allow":["GET"]}}],"collection":[{"href":"https:\/\/veidoterapija.lt\/index.php?rest_route=\/wp\/v2\/pages"}],"about":[{"href":"https:\/\/veidoterapija.lt\/index.php?rest_route=\/wp\/v2\/types\/page"}],"author":[{"embeddable":true,"href":"https:\/\/veidoterapija.lt\/index.php?rest_route=\/wp\/v2\/users\/1"}],"replies":[{"embeddable":true,"href":"https:\/\/veidoterapija.lt\/index.php?rest_route=%2Fwp%2Fv2%2Fcomments&post=41"}],"version-history":[{"count":21,"href":"https:\/\/veidoterapija.lt\/index.php?rest_route=\/wp\/v2\/pages\/41\/revisions"}],"predecessor-version":[{"id":734,"href":"https:\/\/veidoterapija.lt\/index.php?rest_route=\/wp\/v2\/pages\/41\/revisions\/734"}],"wp:featuredmedia":[{"embeddable":true,"href":"https:\/\/veidoterapija.lt\/index.php?rest_route=\/wp\/v2\/media\/157"}],"wp:attachment":[{"href":"https:\/\/veidoterapija.lt\/index.php?rest_route=%2Fwp%2Fv2%2Fmedia&parent=41"}],"curies":[{"name":"wp","href":"https:\/\/api.w.org\/{rel}","templated":true}]}}