{"id":38,"date":"2020-09-29T17:46:20","date_gmt":"2020-09-29T17:46:20","guid":{"rendered":"http:\/\/veidoterapija.lt\/?page_id=38"},"modified":"2023-09-02T18:51:00","modified_gmt":"2023-09-02T18:51:00","slug":"limfodrenazinis-masazas","status":"publish","type":"page","link":"https:\/\/veidoterapija.lt\/?page_id=38","title":{"rendered":"Limfodrena\u017einis masa\u017eas"},"content":{"rendered":"\t\t<div data-elementor-type=\"wp-page\" data-elementor-id=\"38\" class=\"elementor elementor-38\">\n\t\t\t\t\t\t<div class=\"elementor-inner\">\n\t\t\t\t<div class=\"elementor-section-wrap\">\n\t\t\t\t\t\t\t\t\t<section class=\"elementor-section elementor-top-section elementor-element elementor-element-982e245 elementor-section-full_width elementor-section-height-default elementor-section-height-default\" data-id=\"982e245\" data-element_type=\"section\">\n\t\t\t\t\t\t<div class=\"elementor-container elementor-column-gap-default\">\n\t\t\t\t\t\t\t<div class=\"elementor-row\">\n\t\t\t\t\t<div class=\"elementor-column elementor-col-100 elementor-top-column elementor-element elementor-element-021c10b\" data-id=\"021c10b\" data-element_type=\"column\">\n\t\t\t<div class=\"elementor-column-wrap elementor-element-populated\">\n\t\t\t\t\t\t\t<div class=\"elementor-widget-wrap\">\n\t\t\t\t\t\t<div class=\"elementor-element elementor-element-6514a88 elementor-widget-divider--view-line elementor-widget elementor-widget-divider\" data-id=\"6514a88\" data-element_type=\"widget\" data-widget_type=\"divider.default\">\n\t\t\t\t<div class=\"elementor-widget-container\">\n\t\t\t\t\t<div class=\"elementor-divider\">\n\t\t\t<span class=\"elementor-divider-separator\">\n\t\t\t\t\t\t<\/span>\n\t\t<\/div>\n\t\t\t\t<\/div>\n\t\t\t\t<\/div>\n\t\t\t\t<div class=\"elementor-element elementor-element-5f51b4f elementor-widget elementor-widget-text-editor\" data-id=\"5f51b4f\" data-element_type=\"widget\" data-widget_type=\"text-editor.default\">\n\t\t\t\t<div class=\"elementor-widget-container\">\n\t\t\t\t\t\t\t\t<div class=\"elementor-text-editor elementor-clearfix\">\n\t\t\t\t<p style=\"text-align: left;\"><img loading=\"lazy\" decoding=\"async\" class=\"size-medium wp-image-218 alignright\" src=\"http:\/\/veidoterapija.lt\/wp-content\/uploads\/2020\/10\/Screenshot-2020-10-29-at-10.36.40-300x199.png\" alt=\"\" width=\"300\" height=\"199\" srcset=\"https:\/\/veidoterapija.lt\/wp-content\/uploads\/2020\/10\/Screenshot-2020-10-29-at-10.36.40-300x199.png 300w, https:\/\/veidoterapija.lt\/wp-content\/uploads\/2020\/10\/Screenshot-2020-10-29-at-10.36.40-1024x680.png 1024w, https:\/\/veidoterapija.lt\/wp-content\/uploads\/2020\/10\/Screenshot-2020-10-29-at-10.36.40-768x510.png 768w, https:\/\/veidoterapija.lt\/wp-content\/uploads\/2020\/10\/Screenshot-2020-10-29-at-10.36.40.png 1170w\" sizes=\"auto, (max-width: 300px) 100vw, 300px\" \/>Tai i\u0161skirtinis masa\u017eas, kai specifiniais judesiais veikiama ne tik limfin\u0117, venin\u0117 kraujotaka, bet ir tarpl\u0105steliniai skys\u010diai.<\/p>\n<p style=\"text-align: left;\">Kuo limfin\u0117s sistemos b\u016bkl\u0117 yra geresn\u0117, tuo aktyviau ji kovoja su lig\u0173 ir infekcij\u0173 suk\u0117l\u0117jais, tuo organizmo imunin\u0117 sistema yra stipresn\u0117, ma\u017eiau sergama ir geriau jau\u010diamasi.<\/p>\n<p>\u0160i masa\u017eo technika duoda puikius rezultatus kovojant su kuperoze, odos i\u0161saus\u0117jimu, ankstyvuoju sen\u0117jimu, audini\u0173 bei raumen\u0173 elastingumo suma\u017e\u0117jimu. Suma\u017einant veido suglebim\u0105 pasiekiamas ry\u0161kus liftingo efektas.<\/p>\n<p>Po limfodrena\u017eo sustipr\u0117ja imunitetas, paskatinamas skys\u010di\u0173 i\u0161skyrimas. Suma\u017e\u0117ja \u012fvair\u016bs patinimai, suma\u017e\u0117ja skys\u010dio s\u0105stovis audiniuose ir raumenyse, suaktyv\u0117ja deguonies pasisavinimo procesai.<\/p>\n<p><span style=\"text-decoration: underline;\">\u0160i veido masa\u017eo technika yra labai efektyvi ir naudinga odos, audini\u0173, paruo\u0161imui prie\u0161 injekcini\u0173 proced\u016br\u0173 atlikim\u0105.<\/span><\/p>\n<p>Proced\u016br\u0105 sudaro veido, kaklo, dekolt\u0117 zonos masa\u017eas. Ritmi\u0161ki, banguojantys, l\u0117ti judesiai stimuliuoja limfos t\u0117km\u0119 ir \u0161ios terp\u0117s i\u0161sivalym\u0105, stiprina imunin\u0119 sistem\u0105,&nbsp; suteikia gil\u0173 atsipalaidavim\u0105.<\/p>\n<p style=\"text-align: left;\"><strong>&nbsp;<\/strong><strong>Masa\u017eo poveikis:<\/strong><\/p>\n<ul>\n<li>Skatina susikaupusi\u0173 skys\u010di\u0173 nutek\u0117jim\u0105<\/li>\n<li>Ma\u017eina paaki\u0173 ir bendr\u0105 veido patinim\u0105.<\/li>\n<li>Ma\u017eina odos raudon\u012f ir stiprina kapiliar\u0173 sieneles (antikuperozinis poveikis).<\/li>\n<li>Sausai veido odai ir dr\u0117gm\u0117s atstatymui.<\/li>\n<li>Nuo streso ir nuovargio papilk\u0117jusiai veido odai.<\/li>\n<li>Turint u\u017edegimini\u0173 b\u0117rim\u0173.<\/li>\n<li>Atsiradus hormoniniams svyravimams ir j\u0173 liekamiesiems rei\u0161kiniams (infiltratams).<\/li>\n<li>Toksin\u0173 \u0161alinimui ir imuniteto stiprinimui.<\/li>\n<li>Po giluminio veido valymo \u2013 nuramina ir detoksikuoja od\u0105.<\/li>\n<li>Ram\u016bs judesiai itin ramina ir leid\u017eia atsipalaiduoti.<\/li>\n<\/ul>\n<p>Norint pasiekti geriausi\u0173 rezultat\u0173 rekomenduojamas masa\u017e\u0173 kursas (10 kart\u0173), kur\u012f atlikti reik\u0117t\u0173 1-2 k. per metus.<\/p>\n<p><\/p>\n<p style=\"text-align: center;\"><strong>Proced\u016bros trukm\u0117:<\/strong> 60 min.<\/p>\t\t\t\t\t<\/div>\n\t\t\t\t\t\t<\/div>\n\t\t\t\t<\/div>\n\t\t\t\t\t\t<\/div>\n\t\t\t\t\t<\/div>\n\t\t<\/div>\n\t\t\t\t\t\t\t\t<\/div>\n\t\t\t\t\t<\/div>\n\t\t<\/section>\n\t\t\t\t<section class=\"elementor-section elementor-top-section elementor-element elementor-element-22a4e16 elementor-section-boxed elementor-section-height-default elementor-section-height-default\" data-id=\"22a4e16\" data-element_type=\"section\">\n\t\t\t\t\t\t<div class=\"elementor-container elementor-column-gap-default\">\n\t\t\t\t\t\t\t<div class=\"elementor-row\">\n\t\t\t\t\t<div class=\"elementor-column elementor-col-100 elementor-top-column elementor-element elementor-element-54da384\" data-id=\"54da384\" data-element_type=\"column\">\n\t\t\t<div class=\"elementor-column-wrap elementor-element-populated\">\n\t\t\t\t\t\t\t<div class=\"elementor-widget-wrap\">\n\t\t\t\t\t\t<div class=\"elementor-element elementor-element-8ebbbf8 elementor-view-default elementor-widget elementor-widget-icon\" data-id=\"8ebbbf8\" data-element_type=\"widget\" data-widget_type=\"icon.default\">\n\t\t\t\t<div class=\"elementor-widget-container\">\n\t\t\t\t\t<div class=\"elementor-icon-wrapper\">\n\t\t\t<div class=\"elementor-icon\">\n\t\t\t<i aria-hidden=\"true\" class=\"fas fa-spa\"><\/i>\t\t\t<\/div>\n\t\t<\/div>\n\t\t\t\t<\/div>\n\t\t\t\t<\/div>\n\t\t\t\t\t\t<\/div>\n\t\t\t\t\t<\/div>\n\t\t<\/div>\n\t\t\t\t\t\t\t\t<\/div>\n\t\t\t\t\t<\/div>\n\t\t<\/section>\n\t\t\t\t\t\t\t\t\t<\/div>\n\t\t\t<\/div>\n\t\t\t\t\t<\/div>\n\t\t","protected":false},"excerpt":{"rendered":"<p><a href=\"https:\/\/veidoterapija.lt\/?page_id=38\" class=\"more-link\">Pla\u010diau&#8230;<span class=\"screen-reader-text\">Limfodrena\u017einis masa\u017eas<\/span><\/a><\/p>\n","protected":false},"author":1,"featured_media":157,"parent":0,"menu_order":0,"comment_status":"closed","ping_status":"closed","template":"","meta":{"footnotes":""},"class_list":["post-38","page","type-page","status-publish","has-post-thumbnail","hentry"],"_links":{"self":[{"href":"https:\/\/veidoterapija.lt\/index.php?rest_route=\/wp\/v2\/pages\/38","targetHints":{"allow":["GET"]}}],"collection":[{"href":"https:\/\/veidoterapija.lt\/index.php?rest_route=\/wp\/v2\/pages"}],"about":[{"href":"https:\/\/veidoterapija.lt\/index.php?rest_route=\/wp\/v2\/types\/page"}],"author":[{"embeddable":true,"href":"https:\/\/veidoterapija.lt\/index.php?rest_route=\/wp\/v2\/users\/1"}],"replies":[{"embeddable":true,"href":"https:\/\/veidoterapija.lt\/index.php?rest_route=%2Fwp%2Fv2%2Fcomments&post=38"}],"version-history":[{"count":21,"href":"https:\/\/veidoterapija.lt\/index.php?rest_route=\/wp\/v2\/pages\/38\/revisions"}],"predecessor-version":[{"id":738,"href":"https:\/\/veidoterapija.lt\/index.php?rest_route=\/wp\/v2\/pages\/38\/revisions\/738"}],"wp:featuredmedia":[{"embeddable":true,"href":"https:\/\/veidoterapija.lt\/index.php?rest_route=\/wp\/v2\/media\/157"}],"wp:attachment":[{"href":"https:\/\/veidoterapija.lt\/index.php?rest_route=%2Fwp%2Fv2%2Fmedia&parent=38"}],"curies":[{"name":"wp","href":"https:\/\/api.w.org\/{rel}","templated":true}]}}