{"id":357,"date":"2021-11-28T19:52:58","date_gmt":"2021-11-28T19:52:58","guid":{"rendered":"http:\/\/veidoterapija.lt\/?page_id=357"},"modified":"2023-09-02T18:55:12","modified_gmt":"2023-09-02T18:55:12","slug":"veido-ir-galvos-miofascialinis-masazas","status":"publish","type":"page","link":"https:\/\/veidoterapija.lt\/?page_id=357","title":{"rendered":"Veido ir galvos MIOFASCIALINIS masa\u017eas"},"content":{"rendered":"\t\t<div data-elementor-type=\"wp-page\" data-elementor-id=\"357\" class=\"elementor elementor-357\">\n\t\t\t\t\t\t<div class=\"elementor-inner\">\n\t\t\t\t<div class=\"elementor-section-wrap\">\n\t\t\t\t\t\t\t\t\t<section class=\"elementor-section elementor-top-section elementor-element elementor-element-52d6ec6 elementor-section-boxed elementor-section-height-default elementor-section-height-default\" data-id=\"52d6ec6\" data-element_type=\"section\">\n\t\t\t\t\t\t<div class=\"elementor-container elementor-column-gap-default\">\n\t\t\t\t\t\t\t<div class=\"elementor-row\">\n\t\t\t\t\t<div class=\"elementor-column elementor-col-100 elementor-top-column elementor-element elementor-element-543ff80\" data-id=\"543ff80\" data-element_type=\"column\">\n\t\t\t<div class=\"elementor-column-wrap elementor-element-populated\">\n\t\t\t\t\t\t\t<div class=\"elementor-widget-wrap\">\n\t\t\t\t\t\t<div class=\"elementor-element elementor-element-12259c2 elementor-widget-divider--view-line elementor-widget elementor-widget-divider\" data-id=\"12259c2\" data-element_type=\"widget\" data-widget_type=\"divider.default\">\n\t\t\t\t<div class=\"elementor-widget-container\">\n\t\t\t\t\t<div class=\"elementor-divider\">\n\t\t\t<span class=\"elementor-divider-separator\">\n\t\t\t\t\t\t<\/span>\n\t\t<\/div>\n\t\t\t\t<\/div>\n\t\t\t\t<\/div>\n\t\t\t\t\t\t<\/div>\n\t\t\t\t\t<\/div>\n\t\t<\/div>\n\t\t\t\t\t\t\t\t<\/div>\n\t\t\t\t\t<\/div>\n\t\t<\/section>\n\t\t\t\t<section class=\"elementor-section elementor-top-section elementor-element elementor-element-baf80e3 elementor-section-boxed elementor-section-height-default elementor-section-height-default\" data-id=\"baf80e3\" data-element_type=\"section\">\n\t\t\t\t\t\t<div class=\"elementor-container elementor-column-gap-default\">\n\t\t\t\t\t\t\t<div class=\"elementor-row\">\n\t\t\t\t\t<div class=\"elementor-column elementor-col-100 elementor-top-column elementor-element elementor-element-07592d3\" data-id=\"07592d3\" data-element_type=\"column\">\n\t\t\t<div class=\"elementor-column-wrap elementor-element-populated\">\n\t\t\t\t\t\t\t<div class=\"elementor-widget-wrap\">\n\t\t\t\t\t\t<div class=\"elementor-element elementor-element-22cbfbb elementor-widget elementor-widget-image\" data-id=\"22cbfbb\" data-element_type=\"widget\" data-widget_type=\"image.default\">\n\t\t\t\t<div class=\"elementor-widget-container\">\n\t\t\t\t\t\t\t\t<div class=\"elementor-image\">\n\t\t\t\t\t\t\t\t\t\t\t\t<img loading=\"lazy\" decoding=\"async\" width=\"716\" height=\"231\" src=\"https:\/\/veidoterapija.lt\/wp-content\/uploads\/2022\/09\/271649502_802996477767730_1743793266052990488_n.jpg\" class=\"attachment-medium_large size-medium_large\" alt=\"\" srcset=\"https:\/\/veidoterapija.lt\/wp-content\/uploads\/2022\/09\/271649502_802996477767730_1743793266052990488_n.jpg 716w, https:\/\/veidoterapija.lt\/wp-content\/uploads\/2022\/09\/271649502_802996477767730_1743793266052990488_n-300x97.jpg 300w\" sizes=\"auto, (max-width: 716px) 100vw, 716px\" \/>\t\t\t\t\t\t\t\t\t\t\t\t\t\t<\/div>\n\t\t\t\t\t\t<\/div>\n\t\t\t\t<\/div>\n\t\t\t\t\t\t<\/div>\n\t\t\t\t\t<\/div>\n\t\t<\/div>\n\t\t\t\t\t\t\t\t<\/div>\n\t\t\t\t\t<\/div>\n\t\t<\/section>\n\t\t\t\t<section class=\"elementor-section elementor-top-section elementor-element elementor-element-25637b1 elementor-section-boxed elementor-section-height-default elementor-section-height-default\" data-id=\"25637b1\" data-element_type=\"section\">\n\t\t\t\t\t\t<div class=\"elementor-container elementor-column-gap-default\">\n\t\t\t\t\t\t\t<div class=\"elementor-row\">\n\t\t\t\t\t<div class=\"elementor-column elementor-col-100 elementor-top-column elementor-element elementor-element-5faeb46\" data-id=\"5faeb46\" data-element_type=\"column\">\n\t\t\t<div class=\"elementor-column-wrap elementor-element-populated\">\n\t\t\t\t\t\t\t<div class=\"elementor-widget-wrap\">\n\t\t\t\t\t\t<div class=\"elementor-element elementor-element-be6f05f elementor-widget elementor-widget-text-editor\" data-id=\"be6f05f\" data-element_type=\"widget\" data-widget_type=\"text-editor.default\">\n\t\t\t\t<div class=\"elementor-widget-container\">\n\t\t\t\t\t\t\t\t<div class=\"elementor-text-editor elementor-clearfix\">\n\t\t\t\t<p>Miofascialinio masa\u017eo prana\u0161umas yra tas, kad \u0161ios technikos pagalba&nbsp;galima nustatyti nejudan\u010dius veido raumen\u0173 audini\u0173 plotus ir atlaisvinti \u012fsitempusius raumenis.<\/p>\n<p>Taikant \u0161i\u0105 technik\u0105, aktyviai i\u0161masa\u017euojamas sausgyslinis \u0161almas, ausies zona ir kaukol\u0117s pagrindas. Gerai \u017einoma, kad sutrikusi kraujotaka ir limfos nutek\u0117jimas \u0161iose vietose lemia greit\u0105 vis\u0173 veido raumen\u0173 nykim\u0105, atsiranda nuolatiniai su am\u017eiumi susij\u0119 poky\u010diai veide ir kakle.<\/p>\n<p>Teigiamas masa\u017eo poveikis:<\/p>\n<ul>\n<li>Atpalaiduojami fascialiniai suvar\u017eymai, kurie da\u017eniausiai&nbsp; atsiranda d\u0117l prast\u0173 laikysenos \u012fpro\u010di\u0173 arba per didel\u0117s fizin\u0117s apkrovos.<\/li>\n<li>Suma\u017e\u0117ja raumen\u0173 \u2013 fascij\u0173 \u012ftampos plaukuotoje galvos srityje, kaklo ir veido raumenyse. Tai pagerina kraujo apytak\u0105, ko pas\u0117koje i\u0161sprend\u017eiamos plauk\u0173 augimo, migreninio skausmo ir emocinio streso problemos.<\/li>\n<li>Normalizuojamas raumen\u0173 tonusas, ma\u017einamas odos nukarimas.<\/li>\n<li>Masa\u017eo metu nenaudojama kosmetika, o tai leid\u017eia efektyviau nustatyti veido raumen\u0173 fibrozinius rei\u0161kinius, limfos s\u0105stov\u012f, taip pat gili\u0173j\u0173 raumen\u0173 nepaslankum\u0105.<\/li>\n<\/ul>\n<p>Tai intensyvus, gilus, bet taip pat malonus masa\u017eas, po kurio matysite akivaizd\u0173 rezultat\u0105, i\u0161kart po proced\u016bros.<\/p>\n<p style=\"text-align: center;\"><strong>Proced\u016bros trukm\u0117:<\/strong> 90 min.<\/p>\t\t\t\t\t<\/div>\n\t\t\t\t\t\t<\/div>\n\t\t\t\t<\/div>\n\t\t\t\t\t\t<\/div>\n\t\t\t\t\t<\/div>\n\t\t<\/div>\n\t\t\t\t\t\t\t\t<\/div>\n\t\t\t\t\t<\/div>\n\t\t<\/section>\n\t\t\t\t<section class=\"elementor-section elementor-top-section elementor-element elementor-element-b22a11e elementor-section-boxed elementor-section-height-default elementor-section-height-default\" data-id=\"b22a11e\" data-element_type=\"section\">\n\t\t\t\t\t\t<div class=\"elementor-container elementor-column-gap-default\">\n\t\t\t\t\t\t\t<div class=\"elementor-row\">\n\t\t\t\t\t<div class=\"elementor-column elementor-col-100 elementor-top-column elementor-element elementor-element-ead6789\" data-id=\"ead6789\" data-element_type=\"column\">\n\t\t\t<div class=\"elementor-column-wrap elementor-element-populated\">\n\t\t\t\t\t\t\t<div class=\"elementor-widget-wrap\">\n\t\t\t\t\t\t<div class=\"elementor-element elementor-element-bc1537c elementor-view-default elementor-widget elementor-widget-icon\" data-id=\"bc1537c\" data-element_type=\"widget\" data-widget_type=\"icon.default\">\n\t\t\t\t<div class=\"elementor-widget-container\">\n\t\t\t\t\t<div class=\"elementor-icon-wrapper\">\n\t\t\t<div class=\"elementor-icon\">\n\t\t\t<i aria-hidden=\"true\" class=\"fas fa-spa\"><\/i>\t\t\t<\/div>\n\t\t<\/div>\n\t\t\t\t<\/div>\n\t\t\t\t<\/div>\n\t\t\t\t\t\t<\/div>\n\t\t\t\t\t<\/div>\n\t\t<\/div>\n\t\t\t\t\t\t\t\t<\/div>\n\t\t\t\t\t<\/div>\n\t\t<\/section>\n\t\t\t\t<section class=\"elementor-section elementor-top-section elementor-element elementor-element-4bace0f elementor-section-boxed elementor-section-height-default elementor-section-height-default\" data-id=\"4bace0f\" data-element_type=\"section\">\n\t\t\t\t\t\t<div class=\"elementor-container elementor-column-gap-default\">\n\t\t\t\t\t\t\t<div class=\"elementor-row\">\n\t\t\t\t\t<div class=\"elementor-column elementor-col-100 elementor-top-column elementor-element elementor-element-167f30d\" data-id=\"167f30d\" data-element_type=\"column\">\n\t\t\t<div class=\"elementor-column-wrap\">\n\t\t\t\t\t\t\t<div class=\"elementor-widget-wrap\">\n\t\t\t\t\t\t\t\t<\/div>\n\t\t\t\t\t<\/div>\n\t\t<\/div>\n\t\t\t\t\t\t\t\t<\/div>\n\t\t\t\t\t<\/div>\n\t\t<\/section>\n\t\t\t\t\t\t\t\t\t<\/div>\n\t\t\t<\/div>\n\t\t\t\t\t<\/div>\n\t\t","protected":false},"excerpt":{"rendered":"<p><a href=\"https:\/\/veidoterapija.lt\/?page_id=357\" class=\"more-link\">Pla\u010diau&#8230;<span class=\"screen-reader-text\">Veido ir galvos MIOFASCIALINIS masa\u017eas<\/span><\/a><\/p>\n","protected":false},"author":1,"featured_media":0,"parent":0,"menu_order":0,"comment_status":"closed","ping_status":"closed","template":"","meta":{"footnotes":""},"class_list":["post-357","page","type-page","status-publish","hentry"],"_links":{"self":[{"href":"https:\/\/veidoterapija.lt\/index.php?rest_route=\/wp\/v2\/pages\/357","targetHints":{"allow":["GET"]}}],"collection":[{"href":"https:\/\/veidoterapija.lt\/index.php?rest_route=\/wp\/v2\/pages"}],"about":[{"href":"https:\/\/veidoterapija.lt\/index.php?rest_route=\/wp\/v2\/types\/page"}],"author":[{"embeddable":true,"href":"https:\/\/veidoterapija.lt\/index.php?rest_route=\/wp\/v2\/users\/1"}],"replies":[{"embeddable":true,"href":"https:\/\/veidoterapija.lt\/index.php?rest_route=%2Fwp%2Fv2%2Fcomments&post=357"}],"version-history":[{"count":21,"href":"https:\/\/veidoterapija.lt\/index.php?rest_route=\/wp\/v2\/pages\/357\/revisions"}],"predecessor-version":[{"id":765,"href":"https:\/\/veidoterapija.lt\/index.php?rest_route=\/wp\/v2\/pages\/357\/revisions\/765"}],"wp:attachment":[{"href":"https:\/\/veidoterapija.lt\/index.php?rest_route=%2Fwp%2Fv2%2Fmedia&parent=357"}],"curies":[{"name":"wp","href":"https:\/\/api.w.org\/{rel}","templated":true}]}}