{"id":24,"date":"2020-09-29T17:23:47","date_gmt":"2020-09-29T17:23:47","guid":{"rendered":"http:\/\/veidoterapija.lt\/?page_id=24"},"modified":"2025-09-08T18:45:15","modified_gmt":"2025-09-08T18:45:15","slug":"japoniskas-terapinis-kobido-masazas","status":"publish","type":"page","link":"https:\/\/veidoterapija.lt\/?page_id=24","title":{"rendered":"Japoni\u0161kas terapinis KOBIDO masa\u017eas"},"content":{"rendered":"\t\t<div data-elementor-type=\"wp-page\" data-elementor-id=\"24\" class=\"elementor elementor-24\">\n\t\t\t\t\t\t<div class=\"elementor-inner\">\n\t\t\t\t<div class=\"elementor-section-wrap\">\n\t\t\t\t\t\t\t\t\t<section class=\"elementor-section elementor-top-section elementor-element elementor-element-8dde38a elementor-section-boxed elementor-section-height-default elementor-section-height-default\" data-id=\"8dde38a\" data-element_type=\"section\">\n\t\t\t\t\t\t<div class=\"elementor-container elementor-column-gap-default\">\n\t\t\t\t\t\t\t<div class=\"elementor-row\">\n\t\t\t\t\t<div class=\"elementor-column elementor-col-100 elementor-top-column elementor-element elementor-element-1f41120\" data-id=\"1f41120\" data-element_type=\"column\">\n\t\t\t<div class=\"elementor-column-wrap elementor-element-populated\">\n\t\t\t\t\t\t\t<div class=\"elementor-widget-wrap\">\n\t\t\t\t\t\t<div class=\"elementor-element elementor-element-40a3c5d elementor-widget-divider--view-line elementor-widget elementor-widget-divider\" data-id=\"40a3c5d\" data-element_type=\"widget\" data-widget_type=\"divider.default\">\n\t\t\t\t<div class=\"elementor-widget-container\">\n\t\t\t\t\t<div class=\"elementor-divider\">\n\t\t\t<span class=\"elementor-divider-separator\">\n\t\t\t\t\t\t<\/span>\n\t\t<\/div>\n\t\t\t\t<\/div>\n\t\t\t\t<\/div>\n\t\t\t\t<div class=\"elementor-element elementor-element-46cecd9 elementor-widget elementor-widget-text-editor\" data-id=\"46cecd9\" data-element_type=\"widget\" data-widget_type=\"text-editor.default\">\n\t\t\t\t<div class=\"elementor-widget-container\">\n\t\t\t\t\t\t\t\t<div class=\"elementor-text-editor elementor-clearfix\">\n\t\t\t\t<p style=\"text-align: left;\"><img loading=\"lazy\" decoding=\"async\" class=\"size-medium wp-image-213 alignright\" src=\"http:\/\/veidoterapija.lt\/wp-content\/uploads\/2020\/10\/Screenshot-2020-10-29-at-10.32.54-300x200.png\" alt=\"\" width=\"300\" height=\"200\" srcset=\"https:\/\/veidoterapija.lt\/wp-content\/uploads\/2020\/10\/Screenshot-2020-10-29-at-10.32.54-300x200.png 300w, https:\/\/veidoterapija.lt\/wp-content\/uploads\/2020\/10\/Screenshot-2020-10-29-at-10.32.54-1024x681.png 1024w, https:\/\/veidoterapija.lt\/wp-content\/uploads\/2020\/10\/Screenshot-2020-10-29-at-10.32.54-768x511.png 768w, https:\/\/veidoterapija.lt\/wp-content\/uploads\/2020\/10\/Screenshot-2020-10-29-at-10.32.54.png 1171w\" sizes=\"auto, (max-width: 300px) 100vw, 300px\" \/>Kobido \u2013 tai daugiau nei veido odos gra\u017einimas, tuo pat metu tai ir gaivinamoji proced\u016bra, kuri atpalaiduoja ir maloniai nuteikia ne tik k\u016bn\u0105, bet ir siel\u0105. Tai vienas i\u0161 efektyviausi\u0173 terapini\u0173 metod\u0173, kurio pagalba nat\u016braliu b\u016bdu pagerinama odos b\u016bsena ir stabdomas sen\u0117jimo procesas.<\/p><p style=\"text-align: left;\">Kobido tikslas \u2013 suteikti bei i\u0161laikyti sveikat\u0105, energij\u0105, jaunyst\u0119 ir gro\u017e\u012f. Masa\u017eas apima kaklo, sprando, veido ir galvos sritis bei \u012ftakoja vis\u0105 k\u016bn\u0105. Veide yra itin daug akupunkt\u016bros gyvybini\u0173 meridian\u0173, vidaus organ\u0173 ta\u0161k\u0173, kuri\u0173 stimuliacijai ir buvo sukurta Kobido technika \u2013 japon\u0173 medicinos ir skirting\u0173 manualin\u0117s terapijos technik\u0173 (anma ir akupunkt\u016bros), ta\u0161kinio ir limfodrena\u017einio masa\u017eo derinys.<\/p><p style=\"text-align: left;\">Intensyvus masa\u017eas bei speciali technika atpalaiduoja, pa\u0161alina \u012ftamp\u0105, gerina savijaut\u0105 ir suteikia kelet\u0105 skirting\u0173 poveiki\u0173:<\/p><ul style=\"text-align: left;\"><li>Normalizuoja odos dr\u0117gm\u0117s balans\u0105, padidina odos geb\u0117jim\u0105 i\u0161laikyti dr\u0117gm\u0119, sukurdamas barjer\u0105, saugant\u012f od\u0105 nuo i\u0161saus\u0117jimo.<\/li><li>Ma\u017eina rauk\u0161li\u0173 gilum\u0105, nat\u016braliai pakelia veid\u0105 (liftingas).<\/li><li>Maksimaliai padidina odos skaistum\u0105, pagerina odos kraujotak\u0105, l\u0105steli\u0173 atsinaujinim\u0105 ir suteikia veidui labiau \u0161vytin\u010di\u0105, sveikesn\u0119, jaunatvi\u0161kesn\u0119 i\u0161vaizd\u0105.<\/li><li>Detoksikuoja. Masa\u017eas pakelia odos temperat\u016br\u0105, kuri aktyvina limfos sistem\u0105, \u012fgalinan\u010di\u0105 odos l\u0105steles efektyviai pa\u0161alinti bakterijas ir toksinus.<\/li><li>Atpalaiduoja raumen\u0173 \u012ftamp\u0105, skatinamas \u0161vie\u017eio kraujo, kuris atne\u0161a deguon\u012f ir maisto med\u017eiagas, pripl\u016bdimas \u012f veido pavir\u0161i\u0173. Tik pagerinus kraujotak\u0105 l\u0105stel\u0117s gali atsinaujinti.<\/li><\/ul><p style=\"text-align: left;\">Norint pasiekti geriausi\u0173 rezultat\u0173 rekomenduojamas masa\u017e\u0173 kursas(10 kart\u0173), kur\u012f atlikti reik\u0117t\u0173 1-2 k. per metus.<\/p><p style=\"text-align: center;\"><strong>Proced\u016bros trukm\u0117:<\/strong> 60 min.<\/p>\t\t\t\t\t<\/div>\n\t\t\t\t\t\t<\/div>\n\t\t\t\t<\/div>\n\t\t\t\t<div class=\"elementor-element elementor-element-6af5b2f elementor-widget elementor-widget-text-editor\" data-id=\"6af5b2f\" data-element_type=\"widget\" data-widget_type=\"text-editor.default\">\n\t\t\t\t<div class=\"elementor-widget-container\">\n\t\t\t\t\t\t\t\t<div class=\"elementor-text-editor elementor-clearfix\">\n\t\t\t\t\t\t\t\t\t<\/div>\n\t\t\t\t\t\t<\/div>\n\t\t\t\t<\/div>\n\t\t\t\t\t\t<\/div>\n\t\t\t\t\t<\/div>\n\t\t<\/div>\n\t\t\t\t\t\t\t\t<\/div>\n\t\t\t\t\t<\/div>\n\t\t<\/section>\n\t\t\t\t<section class=\"elementor-section elementor-top-section elementor-element elementor-element-1a6a644 elementor-section-boxed elementor-section-height-default elementor-section-height-default\" data-id=\"1a6a644\" data-element_type=\"section\">\n\t\t\t\t\t\t<div class=\"elementor-container elementor-column-gap-default\">\n\t\t\t\t\t\t\t<div class=\"elementor-row\">\n\t\t\t\t\t<div class=\"elementor-column elementor-col-100 elementor-top-column elementor-element elementor-element-14e1e58\" data-id=\"14e1e58\" data-element_type=\"column\">\n\t\t\t<div class=\"elementor-column-wrap elementor-element-populated\">\n\t\t\t\t\t\t\t<div class=\"elementor-widget-wrap\">\n\t\t\t\t\t\t<div class=\"elementor-element elementor-element-10fb10d elementor-view-default elementor-widget elementor-widget-icon\" data-id=\"10fb10d\" data-element_type=\"widget\" data-widget_type=\"icon.default\">\n\t\t\t\t<div class=\"elementor-widget-container\">\n\t\t\t\t\t<div class=\"elementor-icon-wrapper\">\n\t\t\t<div class=\"elementor-icon\">\n\t\t\t<i aria-hidden=\"true\" class=\"fas fa-spa\"><\/i>\t\t\t<\/div>\n\t\t<\/div>\n\t\t\t\t<\/div>\n\t\t\t\t<\/div>\n\t\t\t\t\t\t<\/div>\n\t\t\t\t\t<\/div>\n\t\t<\/div>\n\t\t\t\t\t\t\t\t<\/div>\n\t\t\t\t\t<\/div>\n\t\t<\/section>\n\t\t\t\t\t\t\t\t\t<\/div>\n\t\t\t<\/div>\n\t\t\t\t\t<\/div>\n\t\t","protected":false},"excerpt":{"rendered":"<p><a href=\"https:\/\/veidoterapija.lt\/?page_id=24\" class=\"more-link\">Pla\u010diau&#8230;<span class=\"screen-reader-text\">Japoni\u0161kas terapinis KOBIDO masa\u017eas<\/span><\/a><\/p>\n","protected":false},"author":1,"featured_media":157,"parent":0,"menu_order":0,"comment_status":"closed","ping_status":"closed","template":"","meta":{"footnotes":""},"class_list":["post-24","page","type-page","status-publish","has-post-thumbnail","hentry"],"_links":{"self":[{"href":"https:\/\/veidoterapija.lt\/index.php?rest_route=\/wp\/v2\/pages\/24","targetHints":{"allow":["GET"]}}],"collection":[{"href":"https:\/\/veidoterapija.lt\/index.php?rest_route=\/wp\/v2\/pages"}],"about":[{"href":"https:\/\/veidoterapija.lt\/index.php?rest_route=\/wp\/v2\/types\/page"}],"author":[{"embeddable":true,"href":"https:\/\/veidoterapija.lt\/index.php?rest_route=\/wp\/v2\/users\/1"}],"replies":[{"embeddable":true,"href":"https:\/\/veidoterapija.lt\/index.php?rest_route=%2Fwp%2Fv2%2Fcomments&post=24"}],"version-history":[{"count":50,"href":"https:\/\/veidoterapija.lt\/index.php?rest_route=\/wp\/v2\/pages\/24\/revisions"}],"predecessor-version":[{"id":827,"href":"https:\/\/veidoterapija.lt\/index.php?rest_route=\/wp\/v2\/pages\/24\/revisions\/827"}],"wp:featuredmedia":[{"embeddable":true,"href":"https:\/\/veidoterapija.lt\/index.php?rest_route=\/wp\/v2\/media\/157"}],"wp:attachment":[{"href":"https:\/\/veidoterapija.lt\/index.php?rest_route=%2Fwp%2Fv2%2Fmedia&parent=24"}],"curies":[{"name":"wp","href":"https:\/\/api.w.org\/{rel}","templated":true}]}}